{"id":9838,"date":"2021-07-22T14:37:35","date_gmt":"2021-07-22T12:37:35","guid":{"rendered":"https:\/\/klosterland.de\/?page_id=9838"},"modified":"2023-03-30T11:44:03","modified_gmt":"2023-03-30T09:44:03","slug":"klosterkultur","status":"publish","type":"page","link":"https:\/\/klosterland.de\/pl\/klosterkultur\/","title":{"rendered":"Kultura Klasztorna"},"content":{"rendered":"<div class=\"wpb-content-wrapper\"><p>[vc_row][vc_column width=\u201d2\/3\u2033][vc_column_text]<\/p>\n<h2><strong>Co oznacza kultura klasztorna? <\/strong><\/h2>\n<p><em>Definicja wg. Martina Erdmanna<\/em><\/p>\n<p>\u201cKultur\u0119 klasztorn\u0105\u201d mo\u017cna rozumie\u0107 historycznie jako krzyw\u0105 do\u015bwiadcze\u0144, kt\u00f3ra mimo wszystkich ruch\u00f3w falowych wykazuje du\u017c\u0105 sta\u0142o\u015b\u0107. Jest to tak\u017ce przestrze\u0144 eksperymentalna, poniewa\u017c na przestrzeni dziej\u00f3w \u2013 zar\u00f3wno wczoraj jak i dzi\u015b \u2013 klasztory reagowa\u0142y na swoje czasy oraz wchodzi\u0142y w interakcj\u0119 z nimi. Na tle tego horyzontu do\u015bwiadcze\u0144 i tej przestrzeni eksperymentalnej mo\u017cemy zobaczy\u0107 rozw\u00f3j spo\u0142eczny. Istnieje przecie\u017c wiele kwestii, kt\u00f3re pojawia\u0142y i pojawiaj\u0105 si\u0119 dzi\u015b w umys\u0142ach ludzi, a kt\u00f3re mo\u017cna odkry\u0107 na nowo i do\u015bwiadczy\u0107 w klasztorze. Tutaj ujawnia si\u0119 niezb\u0119dne spo\u0142eczne znaczenie kultury klasztornej.<\/p>\n<p>Dzi\u015b kontemplacja klasztor\u00f3w, zachwyt nad nimi i ich atrakcyjno\u015b\u0107 wynika nie tylko z romantycznego punktu widzenia. Nie ma w\u0105tpliwo\u015bci, \u017ce wielkie osi\u0105gni\u0119cia architektury klasztornej, sztuki i nauki s\u0105 godne podziwu i kszta\u0142tuj\u0105 styl. W wielu przypadkach, ka\u017cdy zapewne od razu rozpozna, \u017ce dany budynek to klasztor. Ta perspektywa historyczno-estetyczna obejmuje jednak tylko jedn\u0105, zewn\u0119trzn\u0105 form\u0119 wyrazu kultury klasztornej. Niemniej jednak jest ona niew\u0105tpliwie bardzo wa\u017cna, gdy\u017c wskazuje, \u017ce \u017cycie zakonne jest \u017cyciem zaprojektowanym. Nawet dawne klasztory, kt\u00f3re dzi\u015b s\u0142u\u017c\u0105 jako muzea i o\u015brodki kultury, s\u0105 nadal postrzegane przez zwiedzaj\u0105cych g\u0142\u00f3wnie jako klasztory.<\/p>\n<p>\u0141atwo zrozumie\u0107 istot\u0119 kultury klasztornej na podstawie tej definicji: Klasztor = Claustrum = zamkni\u0119ty, Kultura = kultywowane. Innymi s\u0142owy, jest to spos\u00f3b \u017cycia, kt\u00f3ry jest kultywowany w odosobnieniu, za murem klasztornym. Ojciec zakonny Benedykt opisuje w swojej regule, \u017ce w miar\u0119 mo\u017cliwo\u015bci wszystko, co jest potrzebne do \u017cycia, powinno znajdowa\u0107 si\u0119 w murach klasztornych. Wychodzenie na zewn\u0105trz, jak twierdzi, wcale nie jest dobre dla mnich\u00f3w. I tak kultura klasztorna objawia si\u0119 jako krytyczny dystans od \u015bwiata, jako spos\u00f3b \u017cycia, kt\u00f3ry oddziela klasztor od \u015bwiata. Tutaj jednak nie tyle element odrzucenia jest kluczowym, co element wyboru. Taka postawa zawsze nadawa\u0142a kulturze klasztornej charakter kultury wewn\u0119trznej o okre\u015blonych zachowaniach i formach. Jednocze\u015bnie na zewn\u0105trz klasztory kszta\u0142towa\u0142y \u015bwiat poprzez dialog i zach\u0119t\u0119 do poszukiwa\u0144. Poszukiwanie, zdefiniowane w klasztorze jako poszukiwanie Boga, w \u015bwiecie pojmowane jako poszukiwanie \u201csk\u0105d\u201d i \u201cdok\u0105d\u201d \u017cycia. W ko\u0144cu przecie\u017c tym, co \u0142\u0105czy wszystkich ludzi, czy to \u015bwiadomie, czy nie\u015bwiadomie jest poszukiwanie pe\u0142nego sensu \u017cycia i pragnienie osi\u0105gni\u0119cia celu, dla kt\u00f3rego zosta\u0142o si\u0119 wyznaczonym.[\/vc_column_text][\/vc_column][vc_column width=\u201d1\/3\u2033][vc_column_text][\/vc_column_text][vc_column_text][\/vc_column_text][vc_column_text][\/vc_column_text][vc_column_text]Ein Beitrag von\u2026[\/vc_column_text]\n\t\t\n        <!-- Card Joker -->\n\t\t        <\/p><div class=\"equal-card-wrap\">\n\t\t\t\t\t\t\t\t\t\t\t\n\t\n        <div class=\"card stacked-card-full-height card-page card-border joker-card three-cards\">\n            <div class=\"post-type-badge page\">\n                <p>Beitrag<\/p>\n            <\/div>\n\n\t\t\t                <a class=\"card-klster-thumbnail card-thumbnail card-page-thumbnail\" href=\"https:\/\/klosterland.de\/pl\/klosterland-e-v\/\">\n\t\t\t\t\t                    <img decoding=\"async\" src=\"https:\/\/klosterland.de\/wp-content\/uploads\/2020\/02\/Workshop-Klostergaerten-gestern-und-heute-32.jpg\" class=\"card-img-top\" alt=\"9831Kultura Klasztorna\">\n                <\/a>\n\t\t\t\n            <div class=\"card-body\">\n                <h3 class=\"title-card\">\n                    <a href=\"https:\/\/klosterland.de\/pl\/klosterland-e-v\/\">\n\t\t\t\t\t\tKLOSTERLAND e.V.                    <\/a>\n                <\/h3>\n                <div class=\"card-text subline-p\">\n\t\t\t\t\t\t\t\t\t\tChcemy pokaza\u0107 warto\u015b\u0107 kultury klasztornej i uczyni\u0107 j\u0105 u\u017cyteczn\u0105 dla naszego spo\u0142ecze\u0144stwa. Wierzymy,\u2026\t\t\t\t\t                <\/div>\n\t\t\t\t\n            <\/div>\n\n        <\/div>\n\n\t\t\t\t\t\t\n        <\/div>\n\n\t\n\t\t[\/vc_column][\/vc_row][vc_row][vc_column][vc_column_text]\n<h1>Die S\u00e4ulen der Klosterkultur<\/h1>\n<p>[\/vc_column_text][vc_row_inner][vc_column_inner width=\u201d1\/4\u2033]\n\t\t\n        <!-- Card Joker -->\n\t\t        <\/p><div class=\"equal-card-wrap\">\n\t\t\t\t\t\t\t\t\t\t\t\n\t\n        <div class=\"card stacked-card-full-height card-page card-border joker-card three-cards\">\n            <div class=\"post-type-badge page\">\n                <p>Beitrag<\/p>\n            <\/div>\n\n\t\t\t                <a class=\"card-klster-thumbnail card-thumbnail card-page-thumbnail\" href=\"https:\/\/klosterland.de\/pl\/klosterkultur\/gaerten\/\">\n\t\t\t\t\t                    <img decoding=\"async\" src=\"https:\/\/klosterland.de\/wp-content\/uploads\/2020\/03\/090729-Kra%CC%88utergarten-Westflu%CC%88gel--350x350.jpg\" class=\"card-img-top\" alt=\"12136Kultura Klasztorna\">\n                <\/a>\n\t\t\t\n            <div class=\"card-body\">\n                <h3 class=\"title-card\">\n                    <a href=\"https:\/\/klosterland.de\/pl\/klosterkultur\/gaerten\/\">\n\t\t\t\t\t\tOgrody                    <\/a>\n                <\/h3>\n                <div class=\"card-text subline-p\">\n\t\t\t\t\t\t\t\t\t\tKlasztorny ogr\u00f3d nale\u017ca\u0142 w tradycji starych zakon\u00f3w klasztornych do najwa\u017cniejszych element\u00f3w sk\u0142adowych klasztoru:\u2026\t\t\t\t\t                <\/div>\n\t\t\t\t\n            <\/div>\n\n        <\/div>\n\n\t\t\t\t\t\t\n        <\/div>\n\n\t\n\t\t[\/vc_column_inner][vc_column_inner width=\u201d1\/4\u2033]\n\t\t\n        <!-- Card Joker -->\n\t\t        <div class=\"equal-card-wrap\">\n\t\t\t\t\t\t\t\t\t\t\t\n\t\n        <div class=\"card stacked-card-full-height card-page card-border joker-card three-cards\">\n            <div class=\"post-type-badge page\">\n                <p>Beitrag<\/p>\n            <\/div>\n\n\t\t\t                <a class=\"card-klster-thumbnail card-thumbnail card-page-thumbnail\" href=\"https:\/\/klosterland.de\/pl\/klosterkultur\/wirtschaft\/\">\n\t\t\t\t\t                    <img decoding=\"async\" src=\"https:\/\/klosterland.de\/wp-content\/uploads\/2020\/02\/Ein-Bier-fuer-KLOSTERLAND_Kloster-Lehnin_12.05.2017-1.jpg\" class=\"card-img-top\" alt=\"12153Kultura Klasztorna\">\n                <\/a>\n\t\t\t\n            <div class=\"card-body\">\n                <h3 class=\"title-card\">\n                    <a href=\"https:\/\/klosterland.de\/pl\/klosterkultur\/wirtschaft\/\">\n\t\t\t\t\t\tGospodarka                    <\/a>\n                <\/h3>\n\n            <\/div>\n\n        <\/div>\n\n\t\t\t\t\t\t\n        <\/div>\n\n\t\n\t\t[\/vc_column_inner][vc_column_inner width=\u201d1\/4\u2033]\n\t\t\n        <!-- Card Joker -->\n\t\t        <div class=\"equal-card-wrap\">\n\t\t\t\t\t\t\t\t\t\t\t\n\t\n        <div class=\"card stacked-card-full-height card-page card-border joker-card three-cards\">\n            <div class=\"post-type-badge page\">\n                <p>Beitrag<\/p>\n            <\/div>\n\n\t\t\t                <a class=\"card-klster-thumbnail card-thumbnail card-page-thumbnail\" href=\"https:\/\/klosterland.de\/pl\/klosterkultur\/klosterkultur-spiritualitaet\/\">\n\t\t\t\t\t                    <img decoding=\"async\" src=\"https:\/\/klosterland.de\/wp-content\/uploads\/2020\/03\/P1100948-350x350.jpg\" class=\"card-img-top\" alt=\"12149Kultura Klasztorna\">\n                <\/a>\n\t\t\t\n            <div class=\"card-body\">\n                <h3 class=\"title-card\">\n                    <a href=\"https:\/\/klosterland.de\/pl\/klosterkultur\/klosterkultur-spiritualitaet\/\">\n\t\t\t\t\t\tDuchowo\u015b\u0107                    <\/a>\n                <\/h3>\n\n            <\/div>\n\n        <\/div>\n\n\t\t\t\t\t\t\n        <\/div>\n\n\t\n\t\t[\/vc_column_inner][vc_column_inner width=\u201d1\/4\u2033]\n\t\t\n        <!-- Card Joker -->\n\t\t        <div class=\"equal-card-wrap\">\n\t\t\t\t\t\t\t\t\t\t\t\n\t\n        <div class=\"card stacked-card-full-height card-page card-border joker-card three-cards\">\n            <div class=\"post-type-badge page\">\n                <p>Beitrag<\/p>\n            <\/div>\n\n\t\t\t                <a class=\"card-klster-thumbnail card-thumbnail card-page-thumbnail\" href=\"https:\/\/klosterland.de\/pl\/klosterkultur\/bildung\/\">\n\t\t\t\t\t                    <img decoding=\"async\" src=\"https:\/\/klosterland.de\/wp-content\/uploads\/2020\/03\/reinhart-julian-kPgj0ZCOieA-unsplash-350x350.jpg\" class=\"card-img-top\" alt=\"12099Kultura Klasztorna\">\n                <\/a>\n\t\t\t\n            <div class=\"card-body\">\n                <h3 class=\"title-card\">\n                    <a href=\"https:\/\/klosterland.de\/pl\/klosterkultur\/bildung\/\">\n\t\t\t\t\t\tEdukacja                    <\/a>\n                <\/h3>\n\n            <\/div>\n\n        <\/div>\n\n\t\t\t\t\t\t\n        <\/div>\n\n\t\n\t\t[\/vc_column_inner][\/vc_row_inner][\/vc_column][\/vc_row][vc_row][vc_column][vc_column_text]\n<h2>Weitere Beitr\u00e4ge zur Klosterkultur<\/h2>\n<p>[\/vc_column_text][vc_row_inner][vc_column_inner width=\u201d1\/4\u2033][\/vc_column_inner][vc_column_inner width=\u201d1\/4\u2033][\/vc_column_inner][vc_column_inner width=\u201d1\/4\u2033][\/vc_column_inner][vc_column_inner width=\u201d1\/4\u2033][\/vc_column_inner][\/vc_row_inner][\/vc_column][\/vc_row]<\/p>\n<\/div>","protected":false},"excerpt":{"rendered":"<p>Co oznacza kultura klasztorna? Definicja wg. Martina Erdmanna<\/p>\n","protected":false},"author":5,"featured_media":7298,"parent":0,"menu_order":0,"comment_status":"closed","ping_status":"closed","template":"","meta":{"_acf_changed":false,"footnotes":""},"categories":[975],"tags":[423,723,622,623,438,454,624,747,625,763,441,626,765,627],"class_list":["post-9838","page","type-page","status-publish","has-post-thumbnail","hentry","category-klosterkultur-pl","tag-bildung-pl","tag-geschichte-pl-2","tag-geschichte-pl","tag-gottdsuche-pl","tag-klostergaerten-pl","tag-klosterkultur-pl","tag-klosterlandschaft-pl","tag-klosterlandschaft-pl-2","tag-klosterundwelt-pl","tag-klosterundwelt-pl-2","tag-spiritualitaet-pl","tag-wirtschaft-pl","tag-wirtschaft-pl-2","tag-zentrumfuerklosterkultur-pl","dazugehrige-experte-martin-erdmann"],"acf":[],"_links":{"self":[{"href":"https:\/\/klosterland.de\/pl\/wp-json\/wp\/v2\/pages\/9838","targetHints":{"allow":["GET"]}}],"collection":[{"href":"https:\/\/klosterland.de\/pl\/wp-json\/wp\/v2\/pages"}],"about":[{"href":"https:\/\/klosterland.de\/pl\/wp-json\/wp\/v2\/types\/page"}],"author":[{"embeddable":true,"href":"https:\/\/klosterland.de\/pl\/wp-json\/wp\/v2\/users\/5"}],"replies":[{"embeddable":true,"href":"https:\/\/klosterland.de\/pl\/wp-json\/wp\/v2\/comments?post=9838"}],"version-history":[{"count":5,"href":"https:\/\/klosterland.de\/pl\/wp-json\/wp\/v2\/pages\/9838\/revisions"}],"predecessor-version":[{"id":11918,"href":"https:\/\/klosterland.de\/pl\/wp-json\/wp\/v2\/pages\/9838\/revisions\/11918"}],"wp:featuredmedia":[{"embeddable":true,"href":"https:\/\/klosterland.de\/pl\/wp-json\/wp\/v2\/media\/7298"}],"wp:attachment":[{"href":"https:\/\/klosterland.de\/pl\/wp-json\/wp\/v2\/media?parent=9838"}],"wp:term":[{"taxonomy":"category","embeddable":true,"href":"https:\/\/klosterland.de\/pl\/wp-json\/wp\/v2\/categories?post=9838"},{"taxonomy":"post_tag","embeddable":true,"href":"https:\/\/klosterland.de\/pl\/wp-json\/wp\/v2\/tags?post=9838"}],"curies":[{"name":"wp","href":"https:\/\/api.w.org\/{rel}","templated":true}]}}