{"id":9831,"date":"2021-07-22T11:37:33","date_gmt":"2021-07-22T09:37:33","guid":{"rendered":"https:\/\/klosterland.de\/?page_id=9831"},"modified":"2021-07-22T11:37:33","modified_gmt":"2021-07-22T09:37:33","slug":"klosterland-e-v","status":"publish","type":"page","link":"https:\/\/klosterland.de\/pl\/klosterland-e-v\/","title":{"rendered":"KLOSTERLAND e.V."},"content":{"rendered":"<div class=\"wpb-content-wrapper\"><p>[vc_row][vc_column width=\u201d2\/3\u2033][vc_column_text]<\/p>\n<h2><strong>Nasza misja<\/strong><\/h2>\n<p>\u00a0<\/p>\n<h3><strong>ZAKRES PRACY: <\/strong><\/h3>\n<h3><strong>Co robimy<\/strong><\/h3>\n<p><strong>Marketing: <\/strong>Stowarzyszenie prowadzi prace w zakresie komunikacji i public relations dla swoich cz\u0142onk\u00f3w oraz wsp\u00f3lnej marki parasolowej KLOSTERLAND. Organizacja inicjuje dzia\u0142ania na rzecz wsp\u00f3lnego marketingu turystyki kulturowej oraz wymiany praktyk i informacji w\u015br\u00f3d cz\u0142onk\u00f3w stowarzyszenia.<\/p>\n<p><strong>Kultura klasztorna: <\/strong>G\u0142\u00f3wny nacisk po\u0142o\u017cony jest na kultur\u0119 klasztorn\u0105. Praca w tym obszarze ma na celu opracowanie ofert po\u015brednictwa dla stowarzyszenia i jego cz\u0142onk\u00f3w.<\/p>\n<p><strong>Produkty: <\/strong>Stowarzyszenie rozszerza spektrum us\u0142ug \u015bwiadczonych przez swoich cz\u0142onk\u00f3w dzi\u0119ki tworzeniu produkt\u00f3w oraz ofert kulturalnych. Produkty te s\u0142u\u017c\u0105 zar\u00f3wno do generowania dochod\u00f3w finansuj\u0105cych dzia\u0142alno\u015b\u0107 kulturaln\u0105, jak i pe\u0142ni\u0105 funkcj\u0119 promocji stowarzyszenia.<\/p>\n<p>\u00a0<\/p>\n<h3><strong>OBSZARY KOMPETENCJI:<\/strong><\/h3>\n<h3><strong>To, co robimy szczeg\u00f3lnie dobrze<\/strong><\/h3>\n<p><strong>\u0141\u0105czymy r\u00f3\u017cnorodno\u015bci pod jednym dachem: <\/strong>Klasztory wchodz\u0105ce w sk\u0142ad stowarzyszenia KLOSTERLAND s\u0105 bardzo zr\u00f3\u017cnicowane. R\u00f3\u017cni\u0105 si\u0119 histori\u0105, rodzajem i charakterem obiekt\u00f3w oraz ofert\u0105 atrakcji dla zwiedzaj\u0105cych. Stowarzyszenie oferuje zainteresowanym cz\u0142onkom przegl\u0105d oferty dla zwiedzaj\u0105cych, pomoc przy opracowaniu nowych projekt\u00f3w oraz promocj\u0119.<\/p>\n<p><strong>Nadajemy znaczenia kulturze klasztornej: <\/strong>Misj\u0105 naszego stowarzyszenia jest przedstawienie warto\u015bci kultury \u017cycia klasztornego wi\u0119kszej publiczno\u015bci oraz uczynienie jej u\u017cyteczn\u0105 dla naszego spo\u0142ecze\u0144stwa. Poprzez promocj\u0119 klasztor\u00f3w i kultury klasztornej chcemy pokaza\u0107, \u017ce monastyczne formy pracy i \u017cycia mog\u0105 inspirowa\u0107 do aktualnych dyskusji i dostarcza\u0107 odpowiedzi na indywidualne pytania \u017cyciowe.<\/p>\n<p><strong>Wsp\u00f3\u0142pracujemy i uczymy si\u0119 od siebie nawzajem: <\/strong>KLOSTERLAND organizuje spotkania dla grupy organizacji przyklasztornych w krajach niemieckoj\u0119zycznych i oferuje swoim cz\u0142onkom mo\u017cliwo\u015b\u0107 wymiany do\u015bwiadcze\u0144 oraz wzajemnego poznawania si\u0119 w celu wzajemnej inspiracji i realizacji wsp\u00f3\u0142pracy.<\/p>\n<p><strong>Tworzymy<\/strong> \u201c<strong>Centrum Kompetencyjne\u201d: <\/strong>KLOSTERLAND to r\u00f3wnie\u017c sie\u0107 ekspert\u00f3w, kt\u00f3rzy dziel\u0105 si\u0119 swoj\u0105 wiedz\u0105, do\u015bwiadczeniami i przyk\u0142adami dzia\u0142a\u0144 zwi\u0105zanych z kultur\u0105 klasztorn\u0105. Kiedy w\u015br\u00f3d cz\u0142onk\u00f3w stowarzyszenia pojawiaj\u0105 si\u0119 pytania lub sugestie, w\u00f3wczas mog\u0105 oni swobodnie korzysta\u0107 z wiedzy i porad naszych ekspert\u00f3w. Tak\u017ce w przypadku specjalnych imprez oraz tworzenia i realizacji projekt\u00f3w, stowarzyszenie jest w stanie w ka\u017cdej chwili stworzy\u0107 odpowiedni interdyscyplinarny zesp\u00f3\u0142 konsultant\u00f3w.<\/p>\n<p><strong>Rozwijamy produkty: <\/strong>Z otwart\u0105 g\u0142ow\u0105, kreatywno\u015bci\u0105 i znajomo\u015bci\u0105 bran\u017cy, stowarzyszenie KLOSTERLAND opracowuje specjalne produkty, kt\u00f3re promuj\u0105 kultur\u0119 klasztorn\u0105 i oferuj\u0105 sklepom atrakcyjne uzupe\u0142nienie ich tradycyjnej oferty.<\/p>\n<p>\u00a0<\/p>\n<h3><strong>GRUPY TARGETOWE I KLIENCI: <\/strong><\/h3>\n<h3><strong>Stowarzyszenie kieruje swoj\u0105 dzia\u0142alno\u015b\u0107 do trzech g\u0142\u00f3wnych grup docelowych<\/strong><\/h3>\n<p><strong>Cz\u0142onkowie \/ Miejsca: <\/strong>W sk\u0142ad tej grupy docelowej wchodz\u0105:\u00a0 instytucje lokalne, takie jak gminy, zakony i ko\u015bcio\u0142y; sponsorzy obiekt\u00f3w klasztornych, politycy, stowarzyszenia, a tak\u017ce odpowiedzialne podmioty lokalne z obszaru zarz\u0105dzania i strategii, mediacji, marketingu, PR, a opr\u00f3cz nich tak\u017ce sami zakonnicy.<\/p>\n<p><strong>Poszukuj\u0105cy \/ zainteresowani: <\/strong>tury\u015bci kulturalni, tury\u015bci duchowi, pielgrzymi, poszukuj\u0105cy znaczenia, uczniowie i studenci oraz osoby dociekliwe.<\/p>\n<p><strong>Eksperci \/ wyznawcy religijni \/ promotorzy: <\/strong>naukowcy, eksperci, biura planowania, organizacje turystyczne, wyznawcy religijni, promotorzy.[\/vc_column_text][vc_column_text]<\/p>\n<h3><strong>GOSPODARKA: <\/strong><\/h3>\n<h3><strong>Jak zabezpieczamy \u015brodki finansowe?<\/strong><\/h3>\n<p>Stowarzyszenie finansowane jest przez: <strong>sk\u0142adki cz\u0142onkowskie<\/strong> coraz liczniejszej liczby cz\u0142onk\u00f3w, dochody generowane przez <strong>sprzeda\u017c produkt\u00f3w<\/strong>, a tak\u017ce przez <strong>wsparcie finansowe sponsor\u00f3w <\/strong>publicznych i prywatnych. Nie mo\u017cna te\u017c zapomnie\u0107 o szeroko zakrojonej dzia\u0142alno\u015b\u0107 wolontariackiej, kt\u00f3ra jest wa\u017cnym wk\u0142adem niepieni\u0119\u017cnym w finansowanie dzia\u0142alno\u015bci.<\/p>\n<p>\u00a0<\/p>\n<h3><strong>INFORMOWANIE I KOMUNIKOWANIE: <\/strong><\/h3>\n<h3><strong>Nasza obs\u0142uga informacji i wsp\u00f3lna komunikacja.<\/strong><\/h3>\n<p>Informacje o cz\u0142onkach stowarzyszenia zaplanowane s\u0105 dwutorowo: na komunikacj\u0119 wewn\u0105trz stowarzyszenia i na zewn\u0105trz. <strong>Profile <\/strong>wszystkich cz\u0142onk\u00f3w informuj\u0105 wewn\u0119trznie o r\u00f3\u017cnych kompetencjach i g\u0142\u00f3wnych tematach dzi\u0119ki czemu u\u0142atwiaj\u0105 wymian\u0119 do\u015bwiadcze\u0144 bran\u017cowych mi\u0119dzy organizacjami. W r\u00f3\u017cnych przypadkach wiedza fachowa cz\u0142onk\u00f3w jest r\u00f3wnie\u017c przekazywana na zewn\u0105trz.<\/p>\n<p><strong>Protoko\u0142y<\/strong> i sprawozdania informuj\u0105 cz\u0142onk\u00f3w o wynikach pracy i w uporz\u0105dkowany spos\u00f3b dokumentuj\u0105 j\u0105 w d\u0142u\u017cszej perspektywie czasowej.<\/p>\n<p>Co najmniej jedno lub wi\u0119cej <strong>spotka\u0144<\/strong> w roku, najlepiej kilkudniowych, umo\u017cliwia cz\u0142onkom stowarzyszenia intensywn\u0105 wymian\u0119 osobist\u0105, wsp\u00f3lne poszukiwanie rozwi\u0105za\u0144 i wzajemne wzbogacanie si\u0119.[\/vc_column_text][vc_column_text][\/vc_column_text][\/vc_column][vc_column width=\u201d1\/3\u2033][vc_column_text]<a href=\"https:\/\/klosterland.de\/wp-content\/uploads\/2020\/02\/Logo_Klosterland.jpg\"><img loading=\"lazy\" decoding=\"async\" width=\"250\" height=\"250\" class=\"alignnone size-medium wp-image-842\" src=\"https:\/\/klosterland.de\/wp-content\/uploads\/2020\/02\/Logo_Klosterland-250x250.jpg\" alt=\"Logo Klosterland\" srcset=\"https:\/\/klosterland.de\/wp-content\/uploads\/2020\/02\/Logo_Klosterland-250x250.jpg 250w, https:\/\/klosterland.de\/wp-content\/uploads\/2020\/02\/Logo_Klosterland-700x700.jpg 700w, https:\/\/klosterland.de\/wp-content\/uploads\/2020\/02\/Logo_Klosterland-768x768.jpg 768w, https:\/\/klosterland.de\/wp-content\/uploads\/2020\/02\/Logo_Klosterland-1536x1536.jpg 1536w, https:\/\/klosterland.de\/wp-content\/uploads\/2020\/02\/Logo_Klosterland-120x120.jpg 120w, https:\/\/klosterland.de\/wp-content\/uploads\/2020\/02\/Logo_Klosterland-350x350.jpg 350w, https:\/\/klosterland.de\/wp-content\/uploads\/2020\/02\/Logo_Klosterland-1320x1320.jpg 1320w, https:\/\/klosterland.de\/wp-content\/uploads\/2020\/02\/Logo_Klosterland-215x215.jpg 215w, https:\/\/klosterland.de\/wp-content\/uploads\/2020\/02\/Logo_Klosterland.jpg 1600w\" sizes=\"auto, (max-width: 250px) 100vw, 250px\"><\/a>[\/vc_column_text][\/vc_column][\/vc_row]<\/p>\n<\/div>","protected":false},"excerpt":{"rendered":"<p>Chcemy pokaza\u0107 warto\u015b\u0107 kultury klasztornej i uczyni\u0107 j\u0105 u\u017cyteczn\u0105 dla naszego spo\u0142ecze\u0144stwa.<br \/>\nWierzymy, \u017ce klasztorny spos\u00f3b \u017cycia i pracy mo\u017ce by\u0107 inspiracj\u0105 dla aktualnie tocz\u0105cych si\u0119 debat. Chcemy pokaza\u0107, \u017ce mo\u017ce on dostarczy\u0107 odpowiedzi na osobiste, \u017cyciowe pytania. I na koniec, co nie mniej wa\u017cne, budynki klasztorne zas\u0142uguj\u0105 na uznanie jako miejsca szczeg\u00f3lnego dziedzictwa kulturowego i \u017cyciowego.<br \/>\nKlasztory podobnie jak kiedy\u015b, dzisiaj tak\u017ce kszta\u0142tuj\u0105 nasz kraj, a \u017cycie duchowe czyni\u0105 namacalnym.<\/p>\n","protected":false},"author":5,"featured_media":4578,"parent":0,"menu_order":0,"comment_status":"closed","ping_status":"closed","template":"","meta":{"_acf_changed":false,"footnotes":""},"categories":[447,422],"tags":[617,618,619,620,621],"class_list":["post-9831","page","type-page","status-publish","has-post-thumbnail","hentry","category-klosterland-pl","category-mitglieder-pl","tag-leitbild-pl","tag-strategie-pl","tag-verein-pl","tag-vision-pl","tag-ziele-pl","dazugehrige-experte-lara-buschmann","dazugehrige-experte-stefan-beier"],"acf":[],"_links":{"self":[{"href":"https:\/\/klosterland.de\/pl\/wp-json\/wp\/v2\/pages\/9831","targetHints":{"allow":["GET"]}}],"collection":[{"href":"https:\/\/klosterland.de\/pl\/wp-json\/wp\/v2\/pages"}],"about":[{"href":"https:\/\/klosterland.de\/pl\/wp-json\/wp\/v2\/types\/page"}],"author":[{"embeddable":true,"href":"https:\/\/klosterland.de\/pl\/wp-json\/wp\/v2\/users\/5"}],"replies":[{"embeddable":true,"href":"https:\/\/klosterland.de\/pl\/wp-json\/wp\/v2\/comments?post=9831"}],"version-history":[{"count":2,"href":"https:\/\/klosterland.de\/pl\/wp-json\/wp\/v2\/pages\/9831\/revisions"}],"predecessor-version":[{"id":9833,"href":"https:\/\/klosterland.de\/pl\/wp-json\/wp\/v2\/pages\/9831\/revisions\/9833"}],"wp:featuredmedia":[{"embeddable":true,"href":"https:\/\/klosterland.de\/pl\/wp-json\/wp\/v2\/media\/4578"}],"wp:attachment":[{"href":"https:\/\/klosterland.de\/pl\/wp-json\/wp\/v2\/media?parent=9831"}],"wp:term":[{"taxonomy":"category","embeddable":true,"href":"https:\/\/klosterland.de\/pl\/wp-json\/wp\/v2\/categories?post=9831"},{"taxonomy":"post_tag","embeddable":true,"href":"https:\/\/klosterland.de\/pl\/wp-json\/wp\/v2\/tags?post=9831"}],"curies":[{"name":"wp","href":"https:\/\/api.w.org\/{rel}","templated":true}]}}