{"id":12153,"date":"2020-03-12T13:39:02","date_gmt":"2020-03-12T12:39:02","guid":{"rendered":"https:\/\/klosterland.de\/klosterkultur\/wirtschaft\/"},"modified":"2023-07-13T12:46:30","modified_gmt":"2023-07-13T10:46:30","slug":"wirtschaft","status":"publish","type":"page","link":"https:\/\/klosterland.de\/pl\/klosterkultur\/wirtschaft\/","title":{"rendered":"Gospodarka"},"content":{"rendered":"<div class=\"wpb-content-wrapper\"><p>[vc_row][vc_column][vc_column_text]<\/p>\n<div class=\"wpb_text_column wpb_content_element \">\n<div class=\"wpb_wrapper\">\n<h2>Entdecken sie die anderen S\u00e4ulen der Klosterkultur!<\/h2>\n<\/div>\n<\/div>\n<p>[\/vc_column_text][\/vc_column][\/vc_row][vc_row][vc_column width=\u201d1\/4\u2033]\n\t\t\n        <!-- Card Joker -->\n\t\t        <\/p><div class=\"equal-card-wrap\">\n\t\t\t\t\t\t\t\t\t\t\t\n\t\n        <div class=\"card stacked-card-full-height card-page card-border joker-card three-cards\">\n            <div class=\"post-type-badge page\">\n                <p>Beitrag<\/p>\n            <\/div>\n\n\t\t\t                <a class=\"card-klster-thumbnail card-thumbnail card-page-thumbnail\" href=\"https:\/\/klosterland.de\/pl\/klosterkultur\/gaerten\/\">\n\t\t\t\t\t                    <img decoding=\"async\" src=\"https:\/\/klosterland.de\/wp-content\/uploads\/2020\/03\/090729-Kra%CC%88utergarten-Westflu%CC%88gel--350x350.jpg\" class=\"card-img-top\" alt=\"12136Gospodarka\">\n                <\/a>\n\t\t\t\n            <div class=\"card-body\">\n                <h3 class=\"title-card\">\n                    <a href=\"https:\/\/klosterland.de\/pl\/klosterkultur\/gaerten\/\">\n\t\t\t\t\t\tOgrody                    <\/a>\n                <\/h3>\n                <div class=\"card-text subline-p\">\n\t\t\t\t\t\t\t\t\t\tKlasztorny ogr\u00f3d nale\u017ca\u0142 w tradycji starych zakon\u00f3w klasztornych do najwa\u017cniejszych element\u00f3w sk\u0142adowych klasztoru:\u2026\t\t\t\t\t                <\/div>\n\t\t\t\t\n            <\/div>\n\n        <\/div>\n\n\t\t\t\t\t\t\n        <\/div>\n\n\t\n\t\t[\/vc_column][vc_column width=\u201d1\/4\u2033]\n\t\t\n        <!-- Card Joker -->\n\t\t        <div class=\"equal-card-wrap\">\n\t\t\t\t\t\t\t\t\t\t\t\n\t\n        <div class=\"card stacked-card-full-height card-page card-border joker-card three-cards\">\n            <div class=\"post-type-badge page\">\n                <p>Beitrag<\/p>\n            <\/div>\n\n\t\t\t                <a class=\"card-klster-thumbnail card-thumbnail card-page-thumbnail\" href=\"https:\/\/klosterland.de\/pl\/klosterkultur\/klosterkultur-spiritualitaet\/\">\n\t\t\t\t\t                    <img decoding=\"async\" src=\"https:\/\/klosterland.de\/wp-content\/uploads\/2020\/03\/P1100948-350x350.jpg\" class=\"card-img-top\" alt=\"12149Gospodarka\">\n                <\/a>\n\t\t\t\n            <div class=\"card-body\">\n                <h3 class=\"title-card\">\n                    <a href=\"https:\/\/klosterland.de\/pl\/klosterkultur\/klosterkultur-spiritualitaet\/\">\n\t\t\t\t\t\tDuchowo\u015b\u0107                    <\/a>\n                <\/h3>\n                <div class=\"card-text subline-p\">\n\t\t\t\t\t\t\t\t\t\t\u017bycie klasztorne znajduje motywacj\u0119 w poszukiwaniu Boga, w nabo\u017ce\u0144stwie i w s\u0142u\u017cbie bliskim.\t\t\t\t\t                <\/div>\n\t\t\t\t\n            <\/div>\n\n        <\/div>\n\n\t\t\t\t\t\t\n        <\/div>\n\n\t\n\t\t[\/vc_column][vc_column width=\u201d1\/4\u2033]\n\t\t\n        <!-- Card Joker -->\n\t\t        <div class=\"equal-card-wrap\">\n\t\t\t\t\t\t\t\t\t\t\t\n\t\n        <div class=\"card stacked-card-full-height card-page card-border joker-card three-cards\">\n            <div class=\"post-type-badge page\">\n                <p>Beitrag<\/p>\n            <\/div>\n\n\t\t\t                <a class=\"card-klster-thumbnail card-thumbnail card-page-thumbnail\" href=\"https:\/\/klosterland.de\/pl\/klosterkultur\/bildung\/\">\n\t\t\t\t\t                    <img decoding=\"async\" src=\"https:\/\/klosterland.de\/wp-content\/uploads\/2020\/03\/reinhart-julian-kPgj0ZCOieA-unsplash-350x350.jpg\" class=\"card-img-top\" alt=\"12099Gospodarka\">\n                <\/a>\n\t\t\t\n            <div class=\"card-body\">\n                <h3 class=\"title-card\">\n                    <a href=\"https:\/\/klosterland.de\/pl\/klosterkultur\/bildung\/\">\n\t\t\t\t\t\tEdukacja                    <\/a>\n                <\/h3>\n                <div class=\"card-text subline-p\">\n\t\t\t\t\t\t\t\t\t\tPoniewa\u017c \u017cycie klasztorne jest \u017cyciem \u015bwiadomie kszta\u0142towanym, nie mo\u017ce si\u0119 ono obej\u015b\u0107 bez\u2026\t\t\t\t\t                <\/div>\n\t\t\t\t\n            <\/div>\n\n        <\/div>\n\n\t\t\t\t\t\t\n        <\/div>\n\n\t\n\t\t[\/vc_column][vc_column width=\u201d1\/4\u2033][\/vc_column][\/vc_row]\n<\/div>","protected":false},"excerpt":{"rendered":"<p>Klasztory by\u0142y od momentu ich za\u0142o\u017cenia mniej lub bardziej samowystarczalnymi gospodarstwami. Regu\u0142a \u015bw. Benedykta ustali\u0142a ju\u017c, \u017ce w obr\u0119bie mur\u00f3w klasztornych powinny znajdowa\u0107 si\u0119 mo\u017cliwie wszystkie zak\u0142ady i obiekty spe\u0142niaj\u0105ce codzienne potrzeby, tak aby mnisi nie musieli bez potrzeby szuka\u0107 ich po \u201e\u015bwiecie\u201d. <\/p>\n","protected":false},"author":4,"featured_media":2114,"parent":9838,"menu_order":0,"comment_status":"closed","ping_status":"closed","template":"","meta":{"_acf_changed":false,"footnotes":""},"categories":[760],"tags":[761,762,454,625,763,452,629,764,451,626,765],"class_list":["post-12153","page","type-page","status-publish","has-post-thumbnail","hentry","category-wirtschaft-pl","tag-alltag-pl","tag-benedikt-pl","tag-klosterkultur-pl","tag-klosterundwelt-pl","tag-klosterundwelt-pl-2","tag-landwirtschaft-pl","tag-megatrends-pl","tag-megatrends-pl-2","tag-produkte-pl","tag-wirtschaft-pl","tag-wirtschaft-pl-2","dazugehrige-experte-helmut-flachenecker","dazugehrige-experte-lara-buschmann","dazugehrige-experte-martin-erdmann","dazugehrige-experte-ralf-gebuhr"],"acf":[],"_links":{"self":[{"href":"https:\/\/klosterland.de\/pl\/wp-json\/wp\/v2\/pages\/12153","targetHints":{"allow":["GET"]}}],"collection":[{"href":"https:\/\/klosterland.de\/pl\/wp-json\/wp\/v2\/pages"}],"about":[{"href":"https:\/\/klosterland.de\/pl\/wp-json\/wp\/v2\/types\/page"}],"author":[{"embeddable":true,"href":"https:\/\/klosterland.de\/pl\/wp-json\/wp\/v2\/users\/4"}],"replies":[{"embeddable":true,"href":"https:\/\/klosterland.de\/pl\/wp-json\/wp\/v2\/comments?post=12153"}],"version-history":[{"count":2,"href":"https:\/\/klosterland.de\/pl\/wp-json\/wp\/v2\/pages\/12153\/revisions"}],"predecessor-version":[{"id":12154,"href":"https:\/\/klosterland.de\/pl\/wp-json\/wp\/v2\/pages\/12153\/revisions\/12154"}],"up":[{"embeddable":true,"href":"https:\/\/klosterland.de\/pl\/wp-json\/wp\/v2\/pages\/9838"}],"wp:featuredmedia":[{"embeddable":true,"href":"https:\/\/klosterland.de\/pl\/wp-json\/wp\/v2\/media\/2114"}],"wp:attachment":[{"href":"https:\/\/klosterland.de\/pl\/wp-json\/wp\/v2\/media?parent=12153"}],"wp:term":[{"taxonomy":"category","embeddable":true,"href":"https:\/\/klosterland.de\/pl\/wp-json\/wp\/v2\/categories?post=12153"},{"taxonomy":"post_tag","embeddable":true,"href":"https:\/\/klosterland.de\/pl\/wp-json\/wp\/v2\/tags?post=12153"}],"curies":[{"name":"wp","href":"https:\/\/api.w.org\/{rel}","templated":true}]}}