{"id":12149,"date":"2020-04-02T20:47:46","date_gmt":"2020-04-02T18:47:46","guid":{"rendered":"https:\/\/klosterland.de\/klosterkultur\/klosterkultur-spiritualitaet\/"},"modified":"2023-07-13T12:47:43","modified_gmt":"2023-07-13T10:47:43","slug":"klosterkultur-spiritualitaet","status":"publish","type":"page","link":"https:\/\/klosterland.de\/pl\/klosterkultur\/klosterkultur-spiritualitaet\/","title":{"rendered":"Duchowo\u015b\u0107"},"content":{"rendered":"<div class=\"wpb-content-wrapper\"><p>[vc_row][vc_column][vc_row_inner][vc_column_inner][vc_column_text]<\/p>\n<h3>Entdecken Sie die weiteren S\u00e4ulen der Klosterkultur\u2026<\/h3>\n<p>[\/vc_column_text][\/vc_column_inner][\/vc_row_inner][vc_row_inner][vc_column_inner width=\u201d1\/4\u2033]\n\t\t\n        <!-- Card Joker -->\n\t\t        <\/p><div class=\"equal-card-wrap\">\n\t\t\t\t\t\t\t\t\t\t\t\n\t\n        <div class=\"card stacked-card-full-height card-page card-border joker-card three-cards\">\n            <div class=\"post-type-badge page\">\n                <p>Beitrag<\/p>\n            <\/div>\n\n\t\t\t                <a class=\"card-klster-thumbnail card-thumbnail card-page-thumbnail\" href=\"https:\/\/klosterland.de\/pl\/klosterkultur\/gaerten\/\">\n\t\t\t\t\t                    <img decoding=\"async\" src=\"https:\/\/klosterland.de\/wp-content\/uploads\/2020\/03\/090729-Kra%CC%88utergarten-Westflu%CC%88gel--350x350.jpg\" class=\"card-img-top\" alt=\"12136Duchowo\u015b\u0107\">\n                <\/a>\n\t\t\t\n            <div class=\"card-body\">\n                <h3 class=\"title-card\">\n                    <a href=\"https:\/\/klosterland.de\/pl\/klosterkultur\/gaerten\/\">\n\t\t\t\t\t\tOgrody                    <\/a>\n                <\/h3>\n                <div class=\"card-text subline-p\">\n\t\t\t\t\t\t\t\t\t\tKlasztorny ogr\u00f3d nale\u017ca\u0142 w tradycji starych zakon\u00f3w klasztornych do najwa\u017cniejszych element\u00f3w sk\u0142adowych klasztoru:\u2026\t\t\t\t\t                <\/div>\n\t\t\t\t\n            <\/div>\n\n        <\/div>\n\n\t\t\t\t\t\t\n        <\/div>\n\n\t\n\t\t[\/vc_column_inner][vc_column_inner width=\u201d1\/4\u2033]\n\t\t\n        <!-- Card Joker -->\n\t\t        <div class=\"equal-card-wrap\">\n\t\t\t\t\t\t\t\t\t\t\t\n\t\n        <div class=\"card stacked-card-full-height card-page card-border joker-card three-cards\">\n            <div class=\"post-type-badge page\">\n                <p>Beitrag<\/p>\n            <\/div>\n\n\t\t\t                <a class=\"card-klster-thumbnail card-thumbnail card-page-thumbnail\" href=\"https:\/\/klosterland.de\/pl\/klosterkultur\/wirtschaft\/\">\n\t\t\t\t\t                    <img decoding=\"async\" src=\"https:\/\/klosterland.de\/wp-content\/uploads\/2020\/02\/Ein-Bier-fuer-KLOSTERLAND_Kloster-Lehnin_12.05.2017-1.jpg\" class=\"card-img-top\" alt=\"12153Duchowo\u015b\u0107\">\n                <\/a>\n\t\t\t\n            <div class=\"card-body\">\n                <h3 class=\"title-card\">\n                    <a href=\"https:\/\/klosterland.de\/pl\/klosterkultur\/wirtschaft\/\">\n\t\t\t\t\t\tGospodarka                    <\/a>\n                <\/h3>\n                <div class=\"card-text subline-p\">\n\t\t\t\t\t\t\t\t\t\tKlasztory by\u0142y od momentu ich za\u0142o\u017cenia mniej lub bardziej samowystarczalnymi gospodarstwami. Regu\u0142a \u015bw.\u2026\t\t\t\t\t                <\/div>\n\t\t\t\t\n            <\/div>\n\n        <\/div>\n\n\t\t\t\t\t\t\n        <\/div>\n\n\t\n\t\t[\/vc_column_inner][vc_column_inner width=\u201d1\/4\u2033]\n\t\t\n        <!-- Card Joker -->\n\t\t        <div class=\"equal-card-wrap\">\n\t\t\t\t\t\t\t\t\t\t\t\n\t\n        <div class=\"card stacked-card-full-height card-page card-border joker-card three-cards\">\n            <div class=\"post-type-badge page\">\n                <p>Beitrag<\/p>\n            <\/div>\n\n\t\t\t                <a class=\"card-klster-thumbnail card-thumbnail card-page-thumbnail\" href=\"https:\/\/klosterland.de\/pl\/klosterkultur\/bildung\/\">\n\t\t\t\t\t                    <img decoding=\"async\" src=\"https:\/\/klosterland.de\/wp-content\/uploads\/2020\/03\/reinhart-julian-kPgj0ZCOieA-unsplash-350x350.jpg\" class=\"card-img-top\" alt=\"12099Duchowo\u015b\u0107\">\n                <\/a>\n\t\t\t\n            <div class=\"card-body\">\n                <h3 class=\"title-card\">\n                    <a href=\"https:\/\/klosterland.de\/pl\/klosterkultur\/bildung\/\">\n\t\t\t\t\t\tEdukacja                    <\/a>\n                <\/h3>\n                <div class=\"card-text subline-p\">\n\t\t\t\t\t\t\t\t\t\tPoniewa\u017c \u017cycie klasztorne jest \u017cyciem \u015bwiadomie kszta\u0142towanym, nie mo\u017ce si\u0119 ono obej\u015b\u0107 bez\u2026\t\t\t\t\t                <\/div>\n\t\t\t\t\n            <\/div>\n\n        <\/div>\n\n\t\t\t\t\t\t\n        <\/div>\n\n\t\n\t\t[\/vc_column_inner][vc_column_inner width=\u201d1\/4\u2033][\/vc_column_inner][\/vc_row_inner][vc_column_text]\n<h3>Lernen Sie unsere Experten f\u00fcr Spiritualit\u00e4t und spirituellen Tourismus kennen!<\/h3>\n<p>[\/vc_column_text][vc_row_inner][vc_column_inner width=\u201d1\/4\u2033][\/vc_column_inner][vc_column_inner width=\u201d1\/4\u2033][\/vc_column_inner][vc_column_inner width=\u201d1\/4\u2033][\/vc_column_inner][vc_column_inner width=\u201d1\/4\u2033][\/vc_column_inner][\/vc_row_inner][vc_row_inner][vc_column_inner width=\u201d1\/4\u2033][\/vc_column_inner][vc_column_inner width=\u201d1\/4\u2033][\/vc_column_inner][vc_column_inner width=\u201d1\/4\u2033][\/vc_column_inner][vc_column_inner width=\u201d1\/4\u2033][\/vc_column_inner][\/vc_row_inner][\/vc_column][\/vc_row]<\/p>\n<\/div>","protected":false},"excerpt":{"rendered":"<p>\u017bycie klasztorne znajduje motywacj\u0119 w poszukiwaniu Boga, w nabo\u017ce\u0144stwie i w s\u0142u\u017cbie bliskim.<\/p>\n","protected":false},"author":4,"featured_media":5827,"parent":9838,"menu_order":0,"comment_status":"closed","ping_status":"closed","template":"","meta":{"_acf_changed":false,"footnotes":""},"categories":[755],"tags":[756,757,758,759,454,440,441],"class_list":["post-12149","page","type-page","status-publish","has-post-thumbnail","hentry","category-spiritualitaet-pl","tag-beten-pl","tag-gebet-pl","tag-glaube-pl","tag-kirche-pl","tag-klosterkultur-pl","tag-religion-pl","tag-spiritualitaet-pl","dazugehrige-experte-cornelia-von-hesserg","dazugehrige-experte-martin-erdmann","dazugehrige-experte-ralf-gebuhr"],"acf":[],"_links":{"self":[{"href":"https:\/\/klosterland.de\/pl\/wp-json\/wp\/v2\/pages\/12149","targetHints":{"allow":["GET"]}}],"collection":[{"href":"https:\/\/klosterland.de\/pl\/wp-json\/wp\/v2\/pages"}],"about":[{"href":"https:\/\/klosterland.de\/pl\/wp-json\/wp\/v2\/types\/page"}],"author":[{"embeddable":true,"href":"https:\/\/klosterland.de\/pl\/wp-json\/wp\/v2\/users\/4"}],"replies":[{"embeddable":true,"href":"https:\/\/klosterland.de\/pl\/wp-json\/wp\/v2\/comments?post=12149"}],"version-history":[{"count":3,"href":"https:\/\/klosterland.de\/pl\/wp-json\/wp\/v2\/pages\/12149\/revisions"}],"predecessor-version":[{"id":12158,"href":"https:\/\/klosterland.de\/pl\/wp-json\/wp\/v2\/pages\/12149\/revisions\/12158"}],"up":[{"embeddable":true,"href":"https:\/\/klosterland.de\/pl\/wp-json\/wp\/v2\/pages\/9838"}],"wp:featuredmedia":[{"embeddable":true,"href":"https:\/\/klosterland.de\/pl\/wp-json\/wp\/v2\/media\/5827"}],"wp:attachment":[{"href":"https:\/\/klosterland.de\/pl\/wp-json\/wp\/v2\/media?parent=12149"}],"wp:term":[{"taxonomy":"category","embeddable":true,"href":"https:\/\/klosterland.de\/pl\/wp-json\/wp\/v2\/categories?post=12149"},{"taxonomy":"post_tag","embeddable":true,"href":"https:\/\/klosterland.de\/pl\/wp-json\/wp\/v2\/tags?post=12149"}],"curies":[{"name":"wp","href":"https:\/\/api.w.org\/{rel}","templated":true}]}}