{"id":12144,"date":"2020-01-20T14:05:46","date_gmt":"2020-01-20T13:05:46","guid":{"rendered":"https:\/\/klosterland.de\/mitgliedschaft\/"},"modified":"2026-05-08T14:50:40","modified_gmt":"2026-05-08T12:50:40","slug":"mitgliedschaft","status":"publish","type":"page","link":"https:\/\/klosterland.de\/pl\/mitgliedschaft\/","title":{"rendered":"CZ\u0141ONKOSTWO"},"content":{"rendered":"<div class=\"wpb-content-wrapper\"><p>[vc_row][vc_column][vc_column_text css=&#8221;&#8221;]<\/p>\n<h3>Dokumenty do cz\u0142onkostwa<\/h3>\n<p>Poni\u017cej znajd\u0105 Pa\u0144stwo formularze dotycz\u0105ce cz\u0142onkostwa, statut i regulamin sk\u0142adek.<br \/>\nPo ich otrzymaniu Zarz\u0105d zg\u0142osi si\u0119 do Pa\u0144stwa.<\/p>\n<p>Za pytania z Pa\u0144stwa strony oraz przyj\u0119cie wype\u0142nionego wniosku odpowiada <a href=\"https:\/\/klosterland.de\/experten\/stefan-beier\/\">Stefan Beier<\/a>.<\/p>\n<h3>Do pobrania:<\/h3>\n<p>[\/vc_column_text][\/vc_column][\/vc_row][vc_row][vc_column width=&#8221;1\/2&#8243;][vc_btn title=&#8221;Wniosek o cz\u0142onkostwo osobiste&#8221; size=&#8221;lg&#8221; align=&#8221;left&#8221; css=&#8221;&#8221; button_block=&#8221;true&#8221; link=&#8221;url:https%3A%2F%2Fklosterland.de%2Fwp-content%2Fuploads%2F2020%2F03%2FMitgliedsantrag-KLOSTERLAND-Personen_DSGVO.pdf|target:_blank&#8221;][vc_btn title=&#8221;Wniosek o cz\u0142onkostwo instytucjonalne&#8221; size=&#8221;lg&#8221; align=&#8221;left&#8221; css=&#8221;&#8221; button_block=&#8221;true&#8221; link=&#8221;url:https%3A%2F%2Fklosterland.de%2Fwp-content%2Fuploads%2F2026%2F05%2FMitgliedsantrag-KLOSTERLAND-Institutionen_DSGVO-pl.pdf|target:_blank&#8221;][\/vc_column][vc_column width=&#8221;1\/2&#8243;][vc_btn title=&#8221;Statut&#8221; size=&#8221;lg&#8221; align=&#8221;left&#8221; css=&#8221;&#8221; button_block=&#8221;true&#8221; link=&#8221;url:https%3A%2F%2Fklosterland.de%2Fwp-content%2Fuploads%2F2020%2F03%2F180109-Satzung-KLOSTERLAND.pdf|target:_blank&#8221;][vc_btn title=&#8221;Regulamin sk\u0142adek&#8221; size=&#8221;lg&#8221; align=&#8221;left&#8221; css=&#8221;&#8221; button_block=&#8221;true&#8221; link=&#8221;url:https%3A%2F%2Fklosterland.de%2Fwp-content%2Fuploads%2F2020%2F03%2FBeitragsordnung-KLOSTERLAND_Stand-2017.pdf|target:_blank&#8221;][\/vc_column][\/vc_row][vc_row][vc_column][vc_column_text css=&#8221;&#8221;]<\/p>\n<h3>Sk\u0142adki cz\u0142onkowskie<\/h3>\n<p>KLOSTERLAND oferuje dwie mo\u017cliwo\u015bci w\u0142\u0105czenia si\u0119 w prac\u0119 stowarzyszenia &#8211; zar\u00f3wno cz\u0142onkostwo instytucjonalne, jak i osobiste.<br \/>\nSk\u0142adki cz\u0142onkowskie maj\u0105 nast\u0119puj\u0105c\u0105 wysoko\u015b\u0107:<br \/>\ncz\u0142onkostwo instytucjonalne \u2013 250,00 \u20ac<br \/>\ncz\u0142onkostwo osobiste \u2013 125,00 \u20ac<\/p>\n<p>Wi\u0119cej informacji na temat sk\u0142adek cz\u0142onkowskich znajduje si\u0119 w za\u0142\u0105czonym regulaminie sk\u0142adek.[\/vc_column_text][\/vc_column][\/vc_row]<\/p>\n<\/div>","protected":false},"excerpt":{"rendered":"<p>[vc_row][vc_column][vc_column_text css=&#8221;&#8221;] Dokumenty do cz\u0142onkostwa Poni\u017cej znajd\u0105 Pa\u0144stwo formularze dotycz\u0105ce cz\u0142onkostwa, statut i regulamin sk\u0142adek. Po ich otrzymaniu Zarz\u0105d zg\u0142osi si\u0119 do Pa\u0144stwa. Za pytania z Pa\u0144stwa strony oraz przyj\u0119cie wype\u0142nionego wniosku odpowiada Stefan Beier. Do pobrania: [\/vc_column_text][\/vc_column][\/vc_row][vc_row][vc_column width=&#8221;1\/2&#8243;][vc_btn title=&#8221;Wniosek&#8230; <a class=\"view-article\" href=\"https:\/\/klosterland.de\/pl\/mitgliedschaft\/\">mehr lesen ><\/a><\/p>\n","protected":false},"author":2,"featured_media":5649,"parent":0,"menu_order":0,"comment_status":"closed","ping_status":"closed","template":"","meta":{"_acf_changed":false,"footnotes":""},"categories":[447],"tags":[752,749,453,753,754],"class_list":["post-12144","page","type-page","status-publish","has-post-thumbnail","hentry","category-klosterland-pl","tag-beitrag-pl","tag-klosterland-pl","tag-mitglieder-pl","tag-mitgliedschaft-pl","tag-satzung-pl","dazugehrige-experte-stefan-beier"],"acf":[],"_links":{"self":[{"href":"https:\/\/klosterland.de\/pl\/wp-json\/wp\/v2\/pages\/12144","targetHints":{"allow":["GET"]}}],"collection":[{"href":"https:\/\/klosterland.de\/pl\/wp-json\/wp\/v2\/pages"}],"about":[{"href":"https:\/\/klosterland.de\/pl\/wp-json\/wp\/v2\/types\/page"}],"author":[{"embeddable":true,"href":"https:\/\/klosterland.de\/pl\/wp-json\/wp\/v2\/users\/2"}],"replies":[{"embeddable":true,"href":"https:\/\/klosterland.de\/pl\/wp-json\/wp\/v2\/comments?post=12144"}],"version-history":[{"count":10,"href":"https:\/\/klosterland.de\/pl\/wp-json\/wp\/v2\/pages\/12144\/revisions"}],"predecessor-version":[{"id":16424,"href":"https:\/\/klosterland.de\/pl\/wp-json\/wp\/v2\/pages\/12144\/revisions\/16424"}],"wp:featuredmedia":[{"embeddable":true,"href":"https:\/\/klosterland.de\/pl\/wp-json\/wp\/v2\/media\/5649"}],"wp:attachment":[{"href":"https:\/\/klosterland.de\/pl\/wp-json\/wp\/v2\/media?parent=12144"}],"wp:term":[{"taxonomy":"category","embeddable":true,"href":"https:\/\/klosterland.de\/pl\/wp-json\/wp\/v2\/categories?post=12144"},{"taxonomy":"post_tag","embeddable":true,"href":"https:\/\/klosterland.de\/pl\/wp-json\/wp\/v2\/tags?post=12144"}],"curies":[{"name":"wp","href":"https:\/\/api.w.org\/{rel}","templated":true}]}}