{"id":12140,"date":"2020-01-20T14:05:29","date_gmt":"2020-01-20T13:05:29","guid":{"rendered":"https:\/\/klosterland.de\/klosterland-e-v\/mitglieder\/"},"modified":"2023-07-13T12:14:00","modified_gmt":"2023-07-13T10:14:00","slug":"mitglieder","status":"publish","type":"page","link":"https:\/\/klosterland.de\/pl\/klosterland-e-v\/mitglieder\/","title":{"rendered":"Cz\u0142onkowie &#038; rada"},"content":{"rendered":"<div class=\"wpb-content-wrapper\"><p>[vc_row][vc_column][vc_column_text]<\/p>\n<h1>Cz\u0142onkowie<\/h1>\n<p>[\/vc_column_text][\/vc_column][\/vc_row][vc_row][vc_column][vc_column_text]<\/p>\n<h3>Cz\u0142onkowie instytucjonalni<\/h3>\n<p>[\/vc_column_text][\/vc_column][\/vc_row][vc_row][vc_column width=\u201d1\/2\u2033][vc_column_text]<img loading=\"lazy\" decoding=\"async\" class=\"alignnone wp-image-6274\" src=\"https:\/\/klosterland.de\/wp-content\/uploads\/2020\/04\/Bildschirmfoto-2020-04-10-um-21.16.32-250x156.png\" alt=\"Klosterkarte\" width=\"584\" height=\"364\" srcset=\"https:\/\/klosterland.de\/wp-content\/uploads\/2020\/04\/Bildschirmfoto-2020-04-10-um-21.16.32-250x156.png 250w, https:\/\/klosterland.de\/wp-content\/uploads\/2020\/04\/Bildschirmfoto-2020-04-10-um-21.16.32-700x436.png 700w, https:\/\/klosterland.de\/wp-content\/uploads\/2020\/04\/Bildschirmfoto-2020-04-10-um-21.16.32-768x478.png 768w, https:\/\/klosterland.de\/wp-content\/uploads\/2020\/04\/Bildschirmfoto-2020-04-10-um-21.16.32-120x75.png 120w, https:\/\/klosterland.de\/wp-content\/uploads\/2020\/04\/Bildschirmfoto-2020-04-10-um-21.16.32.png 1138w\" sizes=\"auto, (max-width: 584px) 100vw, 584px\">[\/vc_column_text][\/vc_column][vc_column width=\u201d1\/2\u2033][vc_column_text]<\/p>\n<p><strong>Klasztory<\/strong>[\/vc_column_text][vc_column_text]Aktualnie stowarzyszenie liczy 22 klasztory z Polski i Niemiec.[\/vc_column_text][vc_column_text]Stowarzyszenie zosta\u0142o za\u0142o\u017cone w polsko-niemieckim regionie Odry i otworzy\u0142o si\u0119 ju\u017c wiele lat temu na wszystkie klasztory w Niemczech i krajach s\u0105siednich. Do tej pory region za\u0142o\u017cycielski skupia nadal najwi\u0119ksz\u0105 liczb\u0119 cz\u0142onk\u00f3w, cho\u0107 powoli zwi\u0119ksza si\u0119 liczba nowych klasztor\u00f3w z innych kraj\u00f3w zwi\u0105zkowych Niemiec.[\/vc_column_text][vc_column_text]Wszystkie klasztory cz\u0142onkowskie mo\u017cna znale\u017a\u0107 na <a href=\"https:\/\/klosterland.de\/pl\/klasztory\/\">stronie \u201cKlasztory\u201d pod tym linkiem.<\/a>[\/vc_column_text][\/vc_column][\/vc_row][vc_row][vc_column width=\u201d1\/2\u2033][\/vc_column][vc_column width=\u201d1\/2\u2033][vc_column_text]<strong>Izba Klasztorna w Hanowerze<\/strong><\/p>\n<p><a href=\"https:\/\/www.klosterkammer.de\/\" target=\"_blank\" rel=\"noopener noreferrer\">Izba Klasztorna w Hanowerze<\/a> jest wyj\u0105tkowym organem administracji publicznej, kt\u00f3ry podlega Ministerstwu Nauki i Kultury Dolnej Saksonii. Administruje on by\u0142e ko\u015bcielne, poddane mediatyzacji posiad\u0142o\u015bci i utrzymuje ko\u015bcio\u0142y i klasztory.<\/p>\n<p><strong>Klasztory G\u00f3r Harz<\/strong><\/p>\n<p><a href=\"http:\/\/www.harzer-kloester.de\">Klasztory G\u00f3r Harz<\/a> jest to zrzeszenie w ramach organizacji turystycznej Harzer Tourismusverband e.V. i skupia klasztory, ko\u015bcio\u0142y i plac\u00f3wki turystyczne w Dolnej Saksonii i Saksonii-Anhalt. Wsp\u00f3lnie odpowiadaj\u0105 oni za cykliczne wydarzenia pt. \u201eLato z klasztorami w G\u00f3rach Harz\u201d oraz \u201eSpirytualna Jesie\u0144\u201d, a tak\u017ce opiekuj\u0105 si\u0119 wydarzeniem pt. \u201eKlasztorny Szlak Pieszy G\u00f3r Harz\u201d, kt\u00f3ry liczy 95 km trasy pielgrzymkowej od Goslar do Quedlinburga.[\/vc_column_text][\/vc_column][\/vc_row][vc_row][vc_column][vc_column_text]<\/p>\n<h3>Cz\u0142onkostwa wzajemne<\/h3>\n<p>[\/vc_column_text][\/vc_column][\/vc_row][vc_row][vc_column width=\u201d1\/3\u2033][vc_column_text]<strong>Towarzystwo \u015aw. Jakuba Brandenburgia-Region Odry<\/strong><\/p>\n<p><a href=\"https:\/\/www.brandenburger-jakobswege.de\" target=\"_blank\" rel=\"noopener noreferrer\">Towarzystwo \u015aw. Jakuba<\/a> opiekuje si\u0119 szlakami \u015bw. Jakuba w Brandenburgii, na Pomorzu Zachodnim oraz w Lubuskiem, przekazuj\u0105c informacje osobom zainteresowanym, wspieraj\u0105c schroniska dla pielgrzym\u00f3w na szlaku, znakuj\u0105c odcinki szlaku etc.<br>\nKLOSTERLAND posiada z Towarzystwem \u015aw. Jakuba wzajemne cz\u0142onkostwo w celu wsp\u00f3lnego opracowania ofert duchowych i ofert turystyki aktywnej.[\/vc_column_text][\/vc_column][vc_column width=\u201d1\/3\u2033][vc_column_text]<strong>Europejski Szlak Gotyku Ceglanego<\/strong><\/p>\n<p>Na fascynuj\u0105cych obiektach z gotyckiej ceg\u0142y odcisn\u0119\u0142y swe pi\u0119tno czasy Hanzy, lokacji klasztor\u00f3w i miast czy zakon\u00f3w rycerskich. Szczeg\u00f3lnie wsp\u00f3lne dla ca\u0142ego regionu dziedzictwo kulturowe, jakim jest ceglany gotyk, jest po dzie\u0144 dzisiejszy wszechobecne w obiektach na szlaku. <a href=\"https:\/\/www.eurob.org\/\" target=\"_blank\" rel=\"noopener noreferrer\">Europejski Szlak Gotyku Ceglanego (EuRoB)<\/a> stanowi swoiste po\u0142\u0105czenie tych \u015bredniowiecznych pere\u0142. Dania, Polska i Niemcy s\u0105 gospodarzami tego szlaku. KLOSTERLAND i EuRoB zawar\u0142y w 2014 roku wzajemne partnerstwo, tak aby wspiera\u0107 siebie na p\u0142aszczy\u017anie marketingu i wsp\u00f3lnie tworzy\u0107 oferty.[\/vc_column_text][\/vc_column][vc_column width=\u201d1\/3\u2033][vc_column_text]<strong>Klasztory Meklemburgii-Pomorza Przedniego<\/strong><\/p>\n<p><a href=\"https:\/\/www.kl%C3%B6stermv.de\/\" target=\"_blank\" rel=\"noopener noreferrer\">To posiadaj\u0105ce sw\u0105 siedzib\u0119 w Bad Doberan stowarzyszenie<\/a> zosta\u0142o za\u0142o\u017cone w 2011 roku w celu popularyzowania wiedzy o zabytkach, kt\u00f3re pozostawi\u0142 nam okres gotyku ceglanego.[\/vc_column_text][\/vc_column][\/vc_row][vc_row][vc_column][vc_column_text]<\/p>\n<h2>Der Beirat<\/h2>\n<p>[\/vc_column_text][\/vc_column][\/vc_row][vc_row][vc_column width=\u201d1\/3\u2033][\/vc_column][vc_column width=\u201d1\/3\u2033][\/vc_column][vc_column width=\u201d1\/3\u2033][\/vc_column][\/vc_row][vc_row][vc_column width=\u201d1\/3\u2033][\/vc_column][vc_column width=\u201d1\/3\u2033][\/vc_column][vc_column width=\u201d1\/3\u2033][\/vc_column][\/vc_row]<\/p>\n<\/div>","protected":false},"excerpt":{"rendered":"<p>[vc_row][vc_column][vc_column_text] Cz\u0142onkowie [\/vc_column_text][\/vc_column][\/vc_row][vc_row][vc_column][vc_column_text] Cz\u0142onkowie instytucjonalni [\/vc_column_text][\/vc_column][\/vc_row][vc_row][vc_column width=\u201d1\/2\u2033][vc_column_text][\/vc_column_text][\/vc_column][vc_column width=\u201d1\/2\u2033][vc_column_text] Klasztory[\/vc_column_text][vc_column_text]Aktualnie stowarzyszenie liczy 22 klasztory z Polski i Niemiec.[\/vc_column_text][vc_column_text]Stowarzyszenie zosta\u0142o za\u0142o\u017cone w polsko-niemieckim regionie Odry i otworzy\u0142o si\u0119 ju\u017c wiele lat temu na wszystkie klasztory w Niemczech i krajach s\u0105siednich. Do tej&#8230; <a class=\"view-article\" href=\"https:\/\/klosterland.de\/pl\/klosterland-e-v\/mitglieder\/\">mehr lesen ><\/a><\/p>\n","protected":false},"author":2,"featured_media":0,"parent":9831,"menu_order":0,"comment_status":"closed","ping_status":"closed","template":"","meta":{"_acf_changed":false,"footnotes":""},"categories":[447,422],"tags":[748,749,453,750,751],"class_list":["post-12140","page","type-page","status-publish","hentry","category-klosterland-pl","category-mitglieder-pl","tag-beirat-pl","tag-klosterland-pl","tag-mitglieder-pl","tag-netzwerk-pl","tag-partner-pl","dazugehrige-experte-stefan-beier"],"acf":[],"_links":{"self":[{"href":"https:\/\/klosterland.de\/pl\/wp-json\/wp\/v2\/pages\/12140","targetHints":{"allow":["GET"]}}],"collection":[{"href":"https:\/\/klosterland.de\/pl\/wp-json\/wp\/v2\/pages"}],"about":[{"href":"https:\/\/klosterland.de\/pl\/wp-json\/wp\/v2\/types\/page"}],"author":[{"embeddable":true,"href":"https:\/\/klosterland.de\/pl\/wp-json\/wp\/v2\/users\/2"}],"replies":[{"embeddable":true,"href":"https:\/\/klosterland.de\/pl\/wp-json\/wp\/v2\/comments?post=12140"}],"version-history":[{"count":2,"href":"https:\/\/klosterland.de\/pl\/wp-json\/wp\/v2\/pages\/12140\/revisions"}],"predecessor-version":[{"id":12141,"href":"https:\/\/klosterland.de\/pl\/wp-json\/wp\/v2\/pages\/12140\/revisions\/12141"}],"up":[{"embeddable":true,"href":"https:\/\/klosterland.de\/pl\/wp-json\/wp\/v2\/pages\/9831"}],"wp:attachment":[{"href":"https:\/\/klosterland.de\/pl\/wp-json\/wp\/v2\/media?parent=12140"}],"wp:term":[{"taxonomy":"category","embeddable":true,"href":"https:\/\/klosterland.de\/pl\/wp-json\/wp\/v2\/categories?post=12140"},{"taxonomy":"post_tag","embeddable":true,"href":"https:\/\/klosterland.de\/pl\/wp-json\/wp\/v2\/tags?post=12140"}],"curies":[{"name":"wp","href":"https:\/\/api.w.org\/{rel}","templated":true}]}}