{"id":12106,"date":"2020-01-20T13:35:48","date_gmt":"2020-01-20T12:35:48","guid":{"rendered":"https:\/\/klosterland.de\/downloads\/"},"modified":"2023-06-28T14:52:23","modified_gmt":"2023-06-28T12:52:23","slug":"downloads","status":"publish","type":"page","link":"https:\/\/klosterland.de\/pl\/downloads\/","title":{"rendered":"Do pobrania"},"content":{"rendered":"<div class=\"wpb-content-wrapper\"><p>[vc_row][vc_column width=\u201d1\/3\u2033][vc_column_text]<img loading=\"lazy\" decoding=\"async\" class=\"alignnone wp-image-6760\" src=\"https:\/\/klosterland.de\/wp-content\/uploads\/2020\/04\/KLOSTERLAND-Flyer_au%C3%9Fen-250x177.png\" alt=\"KLOSTERLAND Flyer_au\u00dfen\" width=\"340\" height=\"240\" srcset=\"https:\/\/klosterland.de\/wp-content\/uploads\/2020\/04\/KLOSTERLAND-Flyer_au\u00dfen-250x177.png 250w, https:\/\/klosterland.de\/wp-content\/uploads\/2020\/04\/KLOSTERLAND-Flyer_au\u00dfen-700x495.png 700w, https:\/\/klosterland.de\/wp-content\/uploads\/2020\/04\/KLOSTERLAND-Flyer_au\u00dfen-768x543.png 768w, https:\/\/klosterland.de\/wp-content\/uploads\/2020\/04\/KLOSTERLAND-Flyer_au\u00dfen-120x85.png 120w, https:\/\/klosterland.de\/wp-content\/uploads\/2020\/04\/KLOSTERLAND-Flyer_au\u00dfen.png 1274w\" sizes=\"auto, (max-width: 340px) 100vw, 340px\">[\/vc_column_text][\/vc_column][vc_column width=\u201d1\/3\u2033][vc_column_text]<img loading=\"lazy\" decoding=\"async\" class=\"alignnone wp-image-6763\" src=\"https:\/\/klosterland.de\/wp-content\/uploads\/2020\/04\/KLOSTERLAND-Flyer_innen-250x177.png\" alt=\"KLOSTERLAND Flyer_innen\" width=\"340\" height=\"240\" srcset=\"https:\/\/klosterland.de\/wp-content\/uploads\/2020\/04\/KLOSTERLAND-Flyer_innen-250x177.png 250w, https:\/\/klosterland.de\/wp-content\/uploads\/2020\/04\/KLOSTERLAND-Flyer_innen-700x495.png 700w, https:\/\/klosterland.de\/wp-content\/uploads\/2020\/04\/KLOSTERLAND-Flyer_innen-768x543.png 768w, https:\/\/klosterland.de\/wp-content\/uploads\/2020\/04\/KLOSTERLAND-Flyer_innen-120x85.png 120w, https:\/\/klosterland.de\/wp-content\/uploads\/2020\/04\/KLOSTERLAND-Flyer_innen.png 1273w\" sizes=\"auto, (max-width: 340px) 100vw, 340px\">[\/vc_column_text][\/vc_column][vc_column width=\u201d1\/3\u2033][vc_column_text el_class=\u201dexperten-links\u201d]<\/p>\n<h3>Broszura KLOSTERLAND<\/h3>\n<p>Broszura KLOSTERLAND przedstawia stowarzyszenie oraz jego mark\u0119 parasolow\u0105.<\/p>\n<ul>\n<li><a href=\"https:\/\/klosterland.de\/wp-content\/uploads\/2020\/04\/KLOSTERLAND-Flyer-DE_digital.pdf\">KLOSTERLAND-Flyer DE_digital<\/a><\/li>\n<li><a href=\"https:\/\/klosterland.de\/wp-content\/uploads\/2020\/04\/KLOSTERLAND-Flyer-EN_digital.pdf\">KLOSTERLAND-Flyer EN_digital<\/a><\/li>\n<li><a href=\"https:\/\/klosterland.de\/wp-content\/uploads\/2020\/04\/KLOSTERLAND-Flyer-PL_digital.pdf\">KLOSTERLAND-Flyer PL_digital<\/a><\/li>\n<\/ul>\n<p>[\/vc_column_text][\/vc_column][\/vc_row][vc_row][vc_column][vc_separator][\/vc_column][\/vc_row][vc_row][vc_column width=\u201d1\/3\u2033][vc_column_text]<img loading=\"lazy\" decoding=\"async\" class=\"alignnone wp-image-6991\" src=\"https:\/\/klosterland.de\/wp-content\/uploads\/2020\/04\/KLOSTER-Flyer-Beispiel-Bild_au%C3%9Fen-250x177.png\" alt=\"KLOSTER Flyer Beispiel Bild Au\u00dfen\" width=\"339\" height=\"240\" srcset=\"https:\/\/klosterland.de\/wp-content\/uploads\/2020\/04\/KLOSTER-Flyer-Beispiel-Bild_au\u00dfen-250x177.png 250w, https:\/\/klosterland.de\/wp-content\/uploads\/2020\/04\/KLOSTER-Flyer-Beispiel-Bild_au\u00dfen-700x496.png 700w, https:\/\/klosterland.de\/wp-content\/uploads\/2020\/04\/KLOSTER-Flyer-Beispiel-Bild_au\u00dfen-768x544.png 768w, https:\/\/klosterland.de\/wp-content\/uploads\/2020\/04\/KLOSTER-Flyer-Beispiel-Bild_au\u00dfen-120x85.png 120w, https:\/\/klosterland.de\/wp-content\/uploads\/2020\/04\/KLOSTER-Flyer-Beispiel-Bild_au\u00dfen.png 1234w\" sizes=\"auto, (max-width: 339px) 100vw, 339px\">[\/vc_column_text][\/vc_column][vc_column width=\u201d1\/3\u2033][vc_column_text]<img loading=\"lazy\" decoding=\"async\" class=\"alignnone wp-image-6994\" src=\"https:\/\/klosterland.de\/wp-content\/uploads\/2020\/04\/KLOSTER-Flyer-Beispiel-Bild_innen-250x177.png\" alt=\"KLOSTER Flyer Beispiel Bild Innen\" width=\"340\" height=\"241\" srcset=\"https:\/\/klosterland.de\/wp-content\/uploads\/2020\/04\/KLOSTER-Flyer-Beispiel-Bild_innen-250x177.png 250w, https:\/\/klosterland.de\/wp-content\/uploads\/2020\/04\/KLOSTER-Flyer-Beispiel-Bild_innen-700x497.png 700w, https:\/\/klosterland.de\/wp-content\/uploads\/2020\/04\/KLOSTER-Flyer-Beispiel-Bild_innen-768x545.png 768w, https:\/\/klosterland.de\/wp-content\/uploads\/2020\/04\/KLOSTER-Flyer-Beispiel-Bild_innen-120x85.png 120w, https:\/\/klosterland.de\/wp-content\/uploads\/2020\/04\/KLOSTER-Flyer-Beispiel-Bild_innen.png 1235w\" sizes=\"auto, (max-width: 340px) 100vw, 340px\">[\/vc_column_text][\/vc_column][vc_column width=\u201d1\/3\u2033][vc_column_text]<\/p>\n<div class=\"ce_text block\">\n<h3>Broszury KLOSTERLAND<\/h3>\n<\/div>\n<div class=\"ce_text block\">\n<p>Broszury KLOSTERLAND prezentuj\u0105 poszczeg\u00f3lne klasztory cz\u0142onkowskie wraz z celami wycieczek w okolicy i do klasztor\u00f3w w pobli\u017cu.<\/p>\n<\/div>\n<p>[\/vc_column_text][vc_column_text el_class=\u201dexperten-links\u201d]<\/p>\n<ul>\n<li><a href=\"https:\/\/klosterland.de\/wp-content\/uploads\/2020\/04\/KLOSTER-Flyer-Lehnin_DE_digital.pdf\" target=\"\" rel=\"noopener noreferrer\">KLOSTER-Flyer Lehnin_DE<\/a><\/li>\n<\/ul>\n<p><!--more--><\/p>\n<ul>\n<li><a href=\"https:\/\/klosterland.de\/wp-content\/uploads\/2020\/04\/KLOSTER-Flyer-Kyritz_DE_digital.pdf\" target=\"\" rel=\"noopener noreferrer\">KLOSTER-Flyer Kyritz_DE<\/a><\/li>\n<\/ul>\n<p><!--more--><\/p>\n<ul>\n<li><a href=\"https:\/\/klosterland.de\/wp-content\/uploads\/2020\/04\/KLOSTERLAND_Flyer-Chorin_DE.pdf\" target=\"\" rel=\"noopener noreferrer\">KLOSTER-Flyer Chorin_DE<\/a><\/li>\n<li><a href=\"https:\/\/klosterland.de\/wp-content\/uploads\/2020\/04\/KLOSTERLAND_Flyer-Chorin_EN.pdf\" target=\"\" rel=\"noopener noreferrer\">KLOSTER-Flyer Chorin_EN<\/a><\/li>\n<\/ul>\n<p><!--more--><\/p>\n<ul>\n<li><a href=\"https:\/\/klosterland.de\/wp-content\/uploads\/2020\/04\/KLOSTERLAND-Flyer_Brauweiler.pdf\" target=\"\" rel=\"noopener noreferrer\">KLOSTER-Flyer Brauweiler_DE<\/a><\/li>\n<\/ul>\n<p><!--more--><\/p>\n<ul>\n<li><a href=\"https:\/\/klosterland.de\/wp-content\/uploads\/2020\/04\/KLOSTER-Flyer-Altfriedland_DE_digital.pdf\" target=\"\" rel=\"noopener noreferrer\">KLOSTER-Flyer Altfriedland_DE<\/a><\/li>\n<\/ul>\n<p><!--more--><\/p>\n<ul>\n<li><a href=\"https:\/\/klosterland.de\/wp-content\/uploads\/2020\/04\/KLOSTER-Flyer-Neuzelle_EN_digital.pdf\" target=\"\" rel=\"noopener noreferrer\">KLOSTER-Flyer Neuzelle_EN<\/a><\/li>\n<li><a href=\"https:\/\/klosterland.de\/wp-content\/uploads\/2020\/04\/KLOSTER-Flyer-Neuzelle_DE_digital.pdf\" target=\"\" rel=\"noopener noreferrer\">KLOSTER-Flyer Neuzelle_DE<\/a><\/li>\n<li><a href=\"https:\/\/klosterland.de\/wp-content\/uploads\/2020\/04\/KLOSTER-Flyer-Neuzelle_PL_digital.pdf\" target=\"\" rel=\"noopener noreferrer\">KLOSTER-Flyer Neuzelle_PL<\/a><\/li>\n<\/ul>\n<p>[\/vc_column_text][\/vc_column][\/vc_row][vc_row][vc_column][vc_separator][\/vc_column][\/vc_row][vc_row][vc_column width=\u201d1\/3\u2033][vc_column_text]<img loading=\"lazy\" decoding=\"async\" class=\"alignnone wp-image-9779\" src=\"https:\/\/klosterland.de\/wp-content\/uploads\/2021\/07\/Bildschirmfoto-2021-07-14-um-16.05.21-250x185.png\" alt=\"Schmuckbild Gruppenreisen\" width=\"341\" height=\"252\" srcset=\"https:\/\/klosterland.de\/wp-content\/uploads\/2021\/07\/Bildschirmfoto-2021-07-14-um-16.05.21-250x185.png 250w, https:\/\/klosterland.de\/wp-content\/uploads\/2021\/07\/Bildschirmfoto-2021-07-14-um-16.05.21-700x518.png 700w, https:\/\/klosterland.de\/wp-content\/uploads\/2021\/07\/Bildschirmfoto-2021-07-14-um-16.05.21-768x568.png 768w, https:\/\/klosterland.de\/wp-content\/uploads\/2021\/07\/Bildschirmfoto-2021-07-14-um-16.05.21-1536x1137.png 1536w, https:\/\/klosterland.de\/wp-content\/uploads\/2021\/07\/Bildschirmfoto-2021-07-14-um-16.05.21-120x89.png 120w, https:\/\/klosterland.de\/wp-content\/uploads\/2021\/07\/Bildschirmfoto-2021-07-14-um-16.05.21-1320x977.png 1320w, https:\/\/klosterland.de\/wp-content\/uploads\/2021\/07\/Bildschirmfoto-2021-07-14-um-16.05.21.png 1784w\" sizes=\"auto, (max-width: 341px) 100vw, 341px\">[\/vc_column_text][\/vc_column][vc_column width=\u201d1\/3\u2033][vc_column_text]<img loading=\"lazy\" decoding=\"async\" class=\"alignnone wp-image-9776\" src=\"https:\/\/klosterland.de\/wp-content\/uploads\/2021\/07\/Bildschirmfoto-2021-07-14-um-16.04.47-250x185.png\" alt=\"Schmuckbild Flyer Gruppenreisen\" width=\"341\" height=\"252\" srcset=\"https:\/\/klosterland.de\/wp-content\/uploads\/2021\/07\/Bildschirmfoto-2021-07-14-um-16.04.47-250x185.png 250w, https:\/\/klosterland.de\/wp-content\/uploads\/2021\/07\/Bildschirmfoto-2021-07-14-um-16.04.47-700x518.png 700w, https:\/\/klosterland.de\/wp-content\/uploads\/2021\/07\/Bildschirmfoto-2021-07-14-um-16.04.47-768x568.png 768w, https:\/\/klosterland.de\/wp-content\/uploads\/2021\/07\/Bildschirmfoto-2021-07-14-um-16.04.47-1536x1137.png 1536w, https:\/\/klosterland.de\/wp-content\/uploads\/2021\/07\/Bildschirmfoto-2021-07-14-um-16.04.47-120x89.png 120w, https:\/\/klosterland.de\/wp-content\/uploads\/2021\/07\/Bildschirmfoto-2021-07-14-um-16.04.47-1320x977.png 1320w, https:\/\/klosterland.de\/wp-content\/uploads\/2021\/07\/Bildschirmfoto-2021-07-14-um-16.04.47.png 1784w\" sizes=\"auto, (max-width: 341px) 100vw, 341px\">[\/vc_column_text][\/vc_column][vc_column width=\u201d1\/3\u2033][vc_column_text]<\/p>\n<h3>Podr\u00f3\u017c w KLOSTERLANDzie<\/h3>\n<p>Broszura ta zach\u0119ca do podr\u00f3\u017cowania w grupie przez regiony Brandenburgii, Meklemburgii i Pomorza Zachodniego.<\/p>\n<p>[\/vc_column_text][vc_column_text el_class=\u201dexperten-links\u201d]<\/p>\n<ul>\n<li><a href=\"https:\/\/klosterland.de\/wp-content\/uploads\/2021\/07\/Unterwegs-im-KLOSTERLAND_Reisevorschla%CC%88ge-fu%CC%88r-Gruppen.pdf\" rel=\"noopener\">Unterwegs Im KLOSTERLAND Reisevorschla\u0308ge Fu\u0308r Gruppen<\/a><\/li>\n<\/ul>\n<p>[\/vc_column_text][\/vc_column][\/vc_row]<\/p>\n<\/div>","protected":false},"excerpt":{"rendered":"<p>Na tej stronie znajduj\u0105 si\u0119 media promocyjne do pobrania.<\/p>\n","protected":false},"author":2,"featured_media":2264,"parent":0,"menu_order":0,"comment_status":"closed","ping_status":"closed","template":"","meta":{"_acf_changed":false,"footnotes":""},"categories":[727],"tags":[728,729,730],"class_list":["post-12106","page","type-page","status-publish","has-post-thumbnail","hentry","category-produkte-pl","tag-flyer-pl","tag-marketing-pl","tag-medien-pl"],"acf":[],"_links":{"self":[{"href":"https:\/\/klosterland.de\/pl\/wp-json\/wp\/v2\/pages\/12106","targetHints":{"allow":["GET"]}}],"collection":[{"href":"https:\/\/klosterland.de\/pl\/wp-json\/wp\/v2\/pages"}],"about":[{"href":"https:\/\/klosterland.de\/pl\/wp-json\/wp\/v2\/types\/page"}],"author":[{"embeddable":true,"href":"https:\/\/klosterland.de\/pl\/wp-json\/wp\/v2\/users\/2"}],"replies":[{"embeddable":true,"href":"https:\/\/klosterland.de\/pl\/wp-json\/wp\/v2\/comments?post=12106"}],"version-history":[{"count":2,"href":"https:\/\/klosterland.de\/pl\/wp-json\/wp\/v2\/pages\/12106\/revisions"}],"predecessor-version":[{"id":12107,"href":"https:\/\/klosterland.de\/pl\/wp-json\/wp\/v2\/pages\/12106\/revisions\/12107"}],"wp:featuredmedia":[{"embeddable":true,"href":"https:\/\/klosterland.de\/pl\/wp-json\/wp\/v2\/media\/2264"}],"wp:attachment":[{"href":"https:\/\/klosterland.de\/pl\/wp-json\/wp\/v2\/media?parent=12106"}],"wp:term":[{"taxonomy":"category","embeddable":true,"href":"https:\/\/klosterland.de\/pl\/wp-json\/wp\/v2\/categories?post=12106"},{"taxonomy":"post_tag","embeddable":true,"href":"https:\/\/klosterland.de\/pl\/wp-json\/wp\/v2\/tags?post=12106"}],"curies":[{"name":"wp","href":"https:\/\/api.w.org\/{rel}","templated":true}]}}