{"id":12099,"date":"2020-01-20T12:54:45","date_gmt":"2020-01-20T11:54:45","guid":{"rendered":"https:\/\/klosterland.de\/klosterkultur\/bildung\/"},"modified":"2023-07-13T12:47:06","modified_gmt":"2023-07-13T10:47:06","slug":"bildung","status":"publish","type":"page","link":"https:\/\/klosterland.de\/pl\/klosterkultur\/bildung\/","title":{"rendered":"Edukacja"},"content":{"rendered":"<div class=\"wpb-content-wrapper\"><p>[vc_row][vc_column][vc_row_inner][vc_column_inner][vc_column_text]<\/p>\n<div class=\"vc_row wpb_row vc_row-fluid\">\n<div class=\"wpb_column vc_column_container vc_col-sm-12\">\n<div class=\"vc_column-inner\">\n<div class=\"wpb_wrapper\">\n<div class=\"wpb_text_column wpb_content_element \">\n<div class=\"wpb_wrapper\">\n<div class=\"wpb_text_column wpb_content_element \">\n<div class=\"wpb_wrapper\">\n<h3>Entdecken sie die weiteren S\u00e4ulen der Klosterkultur\u2026<\/h3>\n<\/div>\n<\/div>\n<\/div>\n<\/div>\n<\/div>\n<\/div>\n<\/div>\n<\/div>\n<p>[\/vc_column_text][\/vc_column_inner][\/vc_row_inner][vc_row_inner][vc_column_inner width=\u201d1\/4\u2033]\n\t\t\n        <!-- Card Joker -->\n\t\t        <\/p><div class=\"equal-card-wrap\">\n\t\t\t\t\t\t\t\t\t\t\t\n\t\n        <div class=\"card stacked-card-full-height card-page card-border joker-card three-cards\">\n            <div class=\"post-type-badge page\">\n                <p>Beitrag<\/p>\n            <\/div>\n\n\t\t\t                <a class=\"card-klster-thumbnail card-thumbnail card-page-thumbnail\" href=\"https:\/\/klosterland.de\/pl\/klosterkultur\/gaerten\/\">\n\t\t\t\t\t                    <img decoding=\"async\" src=\"https:\/\/klosterland.de\/wp-content\/uploads\/2020\/03\/090729-Kra%CC%88utergarten-Westflu%CC%88gel--350x350.jpg\" class=\"card-img-top\" alt=\"12136Edukacja\">\n                <\/a>\n\t\t\t\n            <div class=\"card-body\">\n                <h3 class=\"title-card\">\n                    <a href=\"https:\/\/klosterland.de\/pl\/klosterkultur\/gaerten\/\">\n\t\t\t\t\t\tOgrody                    <\/a>\n                <\/h3>\n                <div class=\"card-text subline-p\">\n\t\t\t\t\t\t\t\t\t\tKlasztorny ogr\u00f3d nale\u017ca\u0142 w tradycji starych zakon\u00f3w klasztornych do najwa\u017cniejszych element\u00f3w sk\u0142adowych klasztoru:\u2026\t\t\t\t\t                <\/div>\n\t\t\t\t\n            <\/div>\n\n        <\/div>\n\n\t\t\t\t\t\t\n        <\/div>\n\n\t\n\t\t[\/vc_column_inner][vc_column_inner width=\u201d1\/4\u2033]\n\t\t\n        <!-- Card Joker -->\n\t\t        <div class=\"equal-card-wrap\">\n\t\t\t\t\t\t\t\t\t\t\t\n\t\n        <div class=\"card stacked-card-full-height card-page card-border joker-card three-cards\">\n            <div class=\"post-type-badge page\">\n                <p>Beitrag<\/p>\n            <\/div>\n\n\t\t\t                <a class=\"card-klster-thumbnail card-thumbnail card-page-thumbnail\" href=\"https:\/\/klosterland.de\/pl\/klosterkultur\/wirtschaft\/\">\n\t\t\t\t\t                    <img decoding=\"async\" src=\"https:\/\/klosterland.de\/wp-content\/uploads\/2020\/02\/Ein-Bier-fuer-KLOSTERLAND_Kloster-Lehnin_12.05.2017-1.jpg\" class=\"card-img-top\" alt=\"12153Edukacja\">\n                <\/a>\n\t\t\t\n            <div class=\"card-body\">\n                <h3 class=\"title-card\">\n                    <a href=\"https:\/\/klosterland.de\/pl\/klosterkultur\/wirtschaft\/\">\n\t\t\t\t\t\tGospodarka                    <\/a>\n                <\/h3>\n                <div class=\"card-text subline-p\">\n\t\t\t\t\t\t\t\t\t\tKlasztory by\u0142y od momentu ich za\u0142o\u017cenia mniej lub bardziej samowystarczalnymi gospodarstwami. Regu\u0142a \u015bw.\u2026\t\t\t\t\t                <\/div>\n\t\t\t\t\n            <\/div>\n\n        <\/div>\n\n\t\t\t\t\t\t\n        <\/div>\n\n\t\n\t\t[\/vc_column_inner][vc_column_inner width=\u201d1\/4\u2033]\n\t\t\n        <!-- Card Joker -->\n\t\t        <div class=\"equal-card-wrap\">\n\t\t\t\t\t\t\t\t\t\t\t\n\t\n        <div class=\"card stacked-card-full-height card-page card-border joker-card three-cards\">\n            <div class=\"post-type-badge page\">\n                <p>Beitrag<\/p>\n            <\/div>\n\n\t\t\t                <a class=\"card-klster-thumbnail card-thumbnail card-page-thumbnail\" href=\"https:\/\/klosterland.de\/pl\/klosterkultur\/klosterkultur-spiritualitaet\/\">\n\t\t\t\t\t                    <img decoding=\"async\" src=\"https:\/\/klosterland.de\/wp-content\/uploads\/2020\/03\/P1100948-350x350.jpg\" class=\"card-img-top\" alt=\"12149Edukacja\">\n                <\/a>\n\t\t\t\n            <div class=\"card-body\">\n                <h3 class=\"title-card\">\n                    <a href=\"https:\/\/klosterland.de\/pl\/klosterkultur\/klosterkultur-spiritualitaet\/\">\n\t\t\t\t\t\tDuchowo\u015b\u0107                    <\/a>\n                <\/h3>\n                <div class=\"card-text subline-p\">\n\t\t\t\t\t\t\t\t\t\t\u017bycie klasztorne znajduje motywacj\u0119 w poszukiwaniu Boga, w nabo\u017ce\u0144stwie i w s\u0142u\u017cbie bliskim.\t\t\t\t\t                <\/div>\n\t\t\t\t\n            <\/div>\n\n        <\/div>\n\n\t\t\t\t\t\t\n        <\/div>\n\n\t\n\t\t[\/vc_column_inner][vc_column_inner width=\u201d1\/4\u2033][\/vc_column_inner][\/vc_row_inner][vc_column_text]\n<h3>Lernen Sie unsere Experten f\u00fcr Bildung kennen!<\/h3>\n<p>[\/vc_column_text][\/vc_column][\/vc_row][vc_row][vc_column width=\u201d1\/4\u2033][\/vc_column][vc_column width=\u201d1\/4\u2033][\/vc_column][vc_column width=\u201d1\/4\u2033][\/vc_column][vc_column width=\u201d1\/4\u2033][\/vc_column][\/vc_row]<\/p>\n<\/div>","protected":false},"excerpt":{"rendered":"<p>Poniewa\u017c \u017cycie klasztorne jest \u017cyciem \u015bwiadomie kszta\u0142towanym, nie mo\u017ce si\u0119 ono obej\u015b\u0107 bez edukacji.<\/p>\n","protected":false},"author":2,"featured_media":6071,"parent":9838,"menu_order":0,"comment_status":"closed","ping_status":"closed","template":"","meta":{"_acf_changed":false,"footnotes":""},"categories":[722],"tags":[423,723,622,724,632,454,426,725,726],"class_list":["post-12099","page","type-page","status-publish","has-post-thumbnail","hentry","category-bildung-pl","tag-bildung-pl","tag-geschichte-pl-2","tag-geschichte-pl","tag-gottsuche-pl-2","tag-gottsuche-pl","tag-klosterkultur-pl","tag-kultur-pl","tag-literatur-pl","tag-wissen-pl","dazugehrige-experte-cornelia-von-hesserg","dazugehrige-experte-dr-franziska-siedler","dazugehrige-experte-harald-schwillus","dazugehrige-experte-martin-erdmann","dazugehrige-experte-ralf-gebuhr"],"acf":[],"_links":{"self":[{"href":"https:\/\/klosterland.de\/pl\/wp-json\/wp\/v2\/pages\/12099","targetHints":{"allow":["GET"]}}],"collection":[{"href":"https:\/\/klosterland.de\/pl\/wp-json\/wp\/v2\/pages"}],"about":[{"href":"https:\/\/klosterland.de\/pl\/wp-json\/wp\/v2\/types\/page"}],"author":[{"embeddable":true,"href":"https:\/\/klosterland.de\/pl\/wp-json\/wp\/v2\/users\/2"}],"replies":[{"embeddable":true,"href":"https:\/\/klosterland.de\/pl\/wp-json\/wp\/v2\/comments?post=12099"}],"version-history":[{"count":3,"href":"https:\/\/klosterland.de\/pl\/wp-json\/wp\/v2\/pages\/12099\/revisions"}],"predecessor-version":[{"id":12157,"href":"https:\/\/klosterland.de\/pl\/wp-json\/wp\/v2\/pages\/12099\/revisions\/12157"}],"up":[{"embeddable":true,"href":"https:\/\/klosterland.de\/pl\/wp-json\/wp\/v2\/pages\/9838"}],"wp:featuredmedia":[{"embeddable":true,"href":"https:\/\/klosterland.de\/pl\/wp-json\/wp\/v2\/media\/6071"}],"wp:attachment":[{"href":"https:\/\/klosterland.de\/pl\/wp-json\/wp\/v2\/media?parent=12099"}],"wp:term":[{"taxonomy":"category","embeddable":true,"href":"https:\/\/klosterland.de\/pl\/wp-json\/wp\/v2\/categories?post=12099"},{"taxonomy":"post_tag","embeddable":true,"href":"https:\/\/klosterland.de\/pl\/wp-json\/wp\/v2\/tags?post=12099"}],"curies":[{"name":"wp","href":"https:\/\/api.w.org\/{rel}","templated":true}]}}