{"id":12092,"date":"2023-06-28T14:31:32","date_gmt":"2023-06-28T12:31:32","guid":{"rendered":"https:\/\/klosterland.de\/?page_id=12092"},"modified":"2023-06-28T14:31:32","modified_gmt":"2023-06-28T12:31:32","slug":"klasztory","status":"publish","type":"page","link":"https:\/\/klosterland.de\/pl\/klasztory\/","title":{"rendered":"Klasztory"},"content":{"rendered":"<div class=\"wpb-content-wrapper\"><p>[vc_row][vc_column][vc_column_text]Pierwsze klasztory, kt\u00f3re zosta\u0142y cz\u0142onkami KLOSTERLANDu, znajdowa\u0142y si\u0119 w Polsce i Niemczech w regionie rzeki Odry. Od czasu reformacji wszystkie one nie s\u0105 ju\u017c aktywnymi klasztorami. W mi\u0119dzyczasie przy\u0142\u0105czy\u0142o si\u0119 do nas coraz wi\u0119cej klasztor\u00f3w z Niemiec Zachodnich. We wszystkich tych miejscach mo\u017cna odnale\u017a\u0107 aspekty duchowe, kulturalne i muzealne w zale\u017cno\u015bci od po\u0142o\u017conego w nich punktu ci\u0119\u017cko\u015bci.[\/vc_column_text][\/vc_column][\/vc_row]<\/p>\n<\/div>","protected":false},"excerpt":{"rendered":"<p>Pierwsze klasztory, kt\u00f3re zosta\u0142y cz\u0142onkami KLOSTERLANDu, znajdowa\u0142y si\u0119 w Polsce i Niemczech w regionie rzeki Odry. Od czasu reformacji wszystkie one nie s\u0105 ju\u017c aktywnymi klasztorami. W mi\u0119dzyczasie przy\u0142\u0105czy\u0142o si\u0119 do nas coraz wi\u0119cej klasztor\u00f3w z Niemiec Zachodnich. We wszystkich tych miejscach mo\u017cna odnale\u017a\u0107 aspekty duchowe, kulturalne i muzealne w zale\u017cno\u015bci od po\u0142o\u017conego w nich punktu ci\u0119\u017cko\u015bci.<\/p>\n","protected":false},"author":9,"featured_media":6276,"parent":0,"menu_order":0,"comment_status":"closed","ping_status":"closed","template":"archive-klster.php","meta":{"_acf_changed":false,"footnotes":""},"categories":[422],"tags":[278,453],"class_list":["post-12092","page","type-page","status-publish","has-post-thumbnail","hentry","category-mitglieder-pl","tag-klosterland","tag-mitglieder-pl"],"acf":[],"_links":{"self":[{"href":"https:\/\/klosterland.de\/pl\/wp-json\/wp\/v2\/pages\/12092","targetHints":{"allow":["GET"]}}],"collection":[{"href":"https:\/\/klosterland.de\/pl\/wp-json\/wp\/v2\/pages"}],"about":[{"href":"https:\/\/klosterland.de\/pl\/wp-json\/wp\/v2\/types\/page"}],"author":[{"embeddable":true,"href":"https:\/\/klosterland.de\/pl\/wp-json\/wp\/v2\/users\/9"}],"replies":[{"embeddable":true,"href":"https:\/\/klosterland.de\/pl\/wp-json\/wp\/v2\/comments?post=12092"}],"version-history":[{"count":1,"href":"https:\/\/klosterland.de\/pl\/wp-json\/wp\/v2\/pages\/12092\/revisions"}],"predecessor-version":[{"id":12093,"href":"https:\/\/klosterland.de\/pl\/wp-json\/wp\/v2\/pages\/12092\/revisions\/12093"}],"wp:featuredmedia":[{"embeddable":true,"href":"https:\/\/klosterland.de\/pl\/wp-json\/wp\/v2\/media\/6276"}],"wp:attachment":[{"href":"https:\/\/klosterland.de\/pl\/wp-json\/wp\/v2\/media?parent=12092"}],"wp:term":[{"taxonomy":"category","embeddable":true,"href":"https:\/\/klosterland.de\/pl\/wp-json\/wp\/v2\/categories?post=12092"},{"taxonomy":"post_tag","embeddable":true,"href":"https:\/\/klosterland.de\/pl\/wp-json\/wp\/v2\/tags?post=12092"}],"curies":[{"name":"wp","href":"https:\/\/api.w.org\/{rel}","templated":true}]}}