{"id":16096,"date":"2021-11-01T11:25:34","date_gmt":"2021-11-01T10:25:34","guid":{"rendered":"https:\/\/klosterland.de\/klosterkultur\/be-wusst-sein\/"},"modified":"2026-01-29T16:48:54","modified_gmt":"2026-01-29T15:48:54","slug":"be-wusst-sein","status":"publish","type":"page","link":"https:\/\/klosterland.de\/en\/klosterkultur\/be-wusst-sein\/","title":{"rendered":"Aware-ness"},"content":{"rendered":"<div class=\"wpb-content-wrapper\"><p>[vc_row][vc_column width=\u201d2\/3\u2033][vc_column_text]<\/p>\n<h3>Aware-ness \u2013 noun<\/h3>\n<ol>\n<li>The state of a person perceiving their surroundings with all their senses<\/li>\n<li>The ability to perceive and process the environment with the mind and the senses<\/li>\n<li>Conscious perception or knowledge<\/li>\n<\/ol>\n<p>These definitions are the first ones to be found on the internet. However, when one consults the relevant internet encyclopaedia, a much more complex picture emerges. Here, awareness or consciousness as such can no longer be clearly defined, but it becomes eveident that philosophers, psychologists, historians, sociologists and other sciences understand and classify the term in very different ways. Perhaps this fact also helps us to understand that people seem to struggle with \u2018conscious being\u2019. Yet \u2018conscious existence\u2019 is one of the great human and modern goals in life.<\/p>\n<p>Compared to our ancestors, our world has become complicated and immense. The growing body of scientific research has not led to an easier understanding of the world, but to a complexity that seems overwhelming. It is becoming increasingly difficult to perceive the world around us and within us and to derive simple rules for our actions from it. This fact has its consequences. Many people, for the sake of simplicity, ignore the whole or the fundamental and pursue only the small and manageable. This gives them, at least for the moment, a feeling of security for the next step in their everyday lives.[\/vc_column_text][\/vc_column][vc_column width=\u201d1\/3\u2033][vc_row_inner][vc_column_inner][vc_column_text]<\/p>\n<p style=\"text-align: center;\">A contribution by:<\/p>\n<p>[\/vc_column_text]\n\t\t\n        <!-- Card Joker -->\n\t\t        <\/p><div class=\"equal-card-wrap\">\n\t\t\t\t\t\t\t\n\t\n        <div class=\"card card-experten three-cards card-border joker-card three-cards\">\n            <div class=\"post-type-badge experten\">\n                <p>Experten<\/p>\n            <\/div>\n\n            <a class=\"card-experten-thumbnail card-thumbnail\" href=\"https:\/\/klosterland.de\/en\/experten\/abraham-fischer\/\">\n\t\t\t\t                <img decoding=\"async\" src=\"https:\/\/klosterland.de\/wp-content\/uploads\/2020\/09\/3-350x350.jpg\" class=\"card-img-top\" alt=\"Foto eines Experten - Aware-ness\">\n            <\/a>\n\n            <div class=\"card-body\">\n                <h2 class=\"title-card experten-color\">\n                    <a href=\"https:\/\/klosterland.de\/en\/experten\/abraham-fischer\/\">Father Abraham Fischer OSB<\/a>\n                <\/h2>\n                <p class=\"card-text subline-p\">\n\t\t\t\t\tExpert on monastic products, monastery, Benedictines, music and monastic culture.                <\/p>\n                <p class=\"tag-list\">\n\t\t\t\t\t                            <a href=\"https:\/\/klosterland.de\/tag\/klosterundwelt-en\">                            KlosterundWelt                         <\/a>\n\t\t\t\t\t\t                            <a href=\"https:\/\/klosterland.de\/tag\/produkte-en\">                            Produkte                         <\/a>\n\t\t\t\t\t\t                            <a href=\"https:\/\/klosterland.de\/tag\/religion-en\">                            Religion                         <\/a>\n\t\t\t\t\t\t                            <a href=\"https:\/\/klosterland.de\/tag\/spiritualitaet-en\">                            Spiritualit\u00e4t                         <\/a>\n\t\t\t\t\t\t                <\/p>\n                <p class=\"small-kloster-name\">\n\t\t\t\t\t\t\t\t\t\t                <\/p>\n            <\/div>\n\n        <\/div>\n\n\t\t\t\t        <\/div>\n\n\t\n\t\t[\/vc_column_inner][\/vc_row_inner][\/vc_column][\/vc_row][vc_row][vc_column][vc_column_text]\n<h3><strong>The pause<\/strong><\/h3>\n<div id=\"attachment_8669\" style=\"width: 534px\" class=\"wp-caption alignleft\"><a href=\"https:\/\/klosterland.de\/wp-content\/uploads\/2020\/12\/190402-Wilder-Wein-mit-zarten-kleinen-roten-Knospen-1534.jpg\"><img loading=\"lazy\" decoding=\"async\" aria-describedby=\"caption-attachment-8669\" class=\"wp-image-8669\" src=\"https:\/\/klosterland.de\/wp-content\/uploads\/2020\/12\/190402-Wilder-Wein-mit-zarten-kleinen-roten-Knospen-1534-250x167.jpg\" alt=\"190402 Wilder Wein Mit Zarten Kleinen Roten Knospen 1534\" width=\"524\" height=\"350\" srcset=\"https:\/\/klosterland.de\/wp-content\/uploads\/2020\/12\/190402-Wilder-Wein-mit-zarten-kleinen-roten-Knospen-1534-250x167.jpg 250w, https:\/\/klosterland.de\/wp-content\/uploads\/2020\/12\/190402-Wilder-Wein-mit-zarten-kleinen-roten-Knospen-1534-700x467.jpg 700w, https:\/\/klosterland.de\/wp-content\/uploads\/2020\/12\/190402-Wilder-Wein-mit-zarten-kleinen-roten-Knospen-1534-768x512.jpg 768w, https:\/\/klosterland.de\/wp-content\/uploads\/2020\/12\/190402-Wilder-Wein-mit-zarten-kleinen-roten-Knospen-1534-120x80.jpg 120w, https:\/\/klosterland.de\/wp-content\/uploads\/2020\/12\/190402-Wilder-Wein-mit-zarten-kleinen-roten-Knospen-1534.jpg 1200w\" sizes=\"auto, (max-width: 524px) 100vw, 524px\"><\/a><p id=\"caption-attachment-8669\" class=\"wp-caption-text\">A photograph by Brother Felix Weckenmann, Beuron Monastery Gardens<\/p><\/div>\n<p>Already some decades ago (1940), the famous American composer John Cage (1912-1992) caused confusion in the music scene with a special piece of music. The piece, 4 Minutes 33 Seconds, became a key work of New Music and still today inspires people to reflect and to be silent. In this piece, John Cage fully composes what music has always known in individual elements: the pause. Hence, the score of this piece of music only contains the Latin word \u2018Tacet\u2019 \u2013 he is silent. This is a challenge for the pianist and also the orchestra, but for the listener, too, because no notes are played in the piece. Some listeners came to the conclusion that it was silence itself that the composer wanted to express. Others believe that the \u2018background noise\u2019 of the audience actually is the music, i.e. the movements in the hall, the clearing of throats and other noises that radiate into the performance hall.<\/p>\n<p>For John Cage, the idea for this piece of music roots in a special experience. He had visited a completely soundproof room that was designed so that the ceiling, walls and floor did not reflect any sound. When he entered this room, he expected to hear nothing at all. Nevertheless, he perceived two sounds, one high and one low. When he described this experience to a technician, the technician replied that the high tone was caused by the workings of the human nervous system and the low tone by the blood circulation.[\/vc_column_text][\/vc_column][\/vc_row][vc_row][vc_column][vc_column_text]<\/p>\n<h3>In extreme silence, humans \u2013 ultimately and inevitably \u2013 still hear themselves.<\/h3>\n<p>The piece of music itself and the discussion about its contribution to music is still fruitful. People who hear this piece unprepared are completely confused. The music steps out of their action, their movement, their restlessness and, so to speak, returns to its essence \u2013 born from the centre of silence. It is about hearing between the lines, perceiving what is presumed, and ultimately about accepting and perceiving ourselves, our own being, our pure existence. From this realisation, we can deduce that we do not have to do anything for our existence, we do not have to justify ourselves, we simply are. Bearing this is by no means easy! All too quickly, we return to movement, justification or action. For life to succeed and to function, this is the right thing to do. At the same time, however, we need times of pause, times of nuances, spaces of silence.[\/vc_column_text][\/vc_column][\/vc_row][vc_row][vc_column][vc_column_text]<\/p>\n<h3>The courage to be silent<\/h3>\n<div id=\"attachment_8408\" style=\"width: 441px\" class=\"wp-caption alignleft\"><a href=\"https:\/\/klosterland.de\/wp-content\/uploads\/2020\/09\/MUT-1.jpeg\"><img loading=\"lazy\" decoding=\"async\" aria-describedby=\"caption-attachment-8408\" class=\"wp-image-8408\" src=\"https:\/\/klosterland.de\/wp-content\/uploads\/2020\/09\/MUT-1-250x354.jpeg\" alt=\"Ein Bild mit Pater Abraham Fischer, Benediktinerabtei K\u00f6nigsm\u00fcnster\" width=\"431\" height=\"610\" srcset=\"https:\/\/klosterland.de\/wp-content\/uploads\/2020\/09\/MUT-1-250x354.jpeg 250w, https:\/\/klosterland.de\/wp-content\/uploads\/2020\/09\/MUT-1-700x990.jpeg 700w, https:\/\/klosterland.de\/wp-content\/uploads\/2020\/09\/MUT-1-768x1087.jpeg 768w, https:\/\/klosterland.de\/wp-content\/uploads\/2020\/09\/MUT-1-1086x1536.jpeg 1086w, https:\/\/klosterland.de\/wp-content\/uploads\/2020\/09\/MUT-1-120x170.jpeg 120w, https:\/\/klosterland.de\/wp-content\/uploads\/2020\/09\/MUT-1-1320x1868.jpeg 1320w, https:\/\/klosterland.de\/wp-content\/uploads\/2020\/09\/MUT-1.jpeg 763w\" sizes=\"auto, (max-width: 431px) 100vw, 431px\"><\/a><p id=\"caption-attachment-8408\" class=\"wp-caption-text\">A picture with Father Abraham Fischer, Benedictine Abbey of K\u00f6nigsm\u00fcnster (Foto: Lutz T\u00f6lle Iserlohn)<\/p><\/div>\n<p>But we are in Advent. For many, especially in this year of the pandemic, it is a fervent wish to experience this time \u2018consciously\u2019. John Cage\u2019s piece of music takes us back to the essentials. It shows us, inimitably, with great depth and also with a chuckle, what we are. We must have the courage to leave a blank line, to pause. It is nothing else that the spiritual language describes as \u2018silence\u2019. In the Rule of St. Benedict, we find the same instruction in a drastic form: \u2018Keep the uncertainty of death daily before your eyes.\u2019 (RB 4, 47). The verse raises the question of priorities in the face of overwhelming possibilities and their fundamental finitude. No human being can cope with the imperative of \u2018EVERYTHING!\u2019. No one can do all the work, live out all the possibilities to the full. The frantic, climactic attempt alone can (and must) drive us to despair. Human beings will always have to make a choice. In this confusing game of the unreal (which is what the seemingly many possibilities are), it is essential to have criteria for making decisions. The general pause, just like the brief respite between two sections of a melody, is the hidden clue between the lines: if we dare to perceive and accept finitude, deep fulfilment manifests itself. If we elevate the pause to a principle and structured slowness to a guideline, then we do not lose, but gain. Like the spiral, however, we must overcome ourselves again and again to do so. A challenge. An imposition. A scandal that withstands all this-worldliness, not because it rejects it, but because it accepts it, masters it in its distinction, and then purposefully rushes towards the goal with the help of all worldly goods.<\/p>\n<p>Advent is nothing else: we pause because we know that the pause, the silence, the halt does not mean hopeless finitude, but that \u2018less\u2019 uncloses quality of life. These are paradoxical wisdoms \u2013 truly. Religious people may have confidence that silence does not lead to \u2018nothingness,\u2019 but that out of silence someone comes to meet them. It is God who by coming is already there.[\/vc_column_text][\/vc_column][\/vc_row][vc_row][vc_column][vc_column_text]<\/p>\n<h3>So let us have the courage to wait, for the Advent, to live!<\/h3>\n<p>God waits between the sounds of our song of life because he speaks to us unobtrusively between the lines \u2013 lovingly, quietly. If it is true that consciousness is the state in which a person recognises their surroundings and themselves with all their senses, then God is always in between \u2013 in the open questions, in the slowness, in the helplessness, in the weak and needy, in those who are searching, in every silence between two breaths \u2013 that means in every-thing. To recognise this would truly be Advent in the midst of the world and out of love for it.<\/p>\n<p><strong>\u00a0<\/strong>[\/vc_column_text][\/vc_column][\/vc_row]<\/p>\n<\/div>","protected":false},"excerpt":{"rendered":"<p>Im Vergleich zu unseren Vorfahren ist unsere Welt kompliziert und ungeheuer geworden. Die wachsenden wissenschaftlichen Forschungsergebnisse haben nicht etwa zu einem leichteren Verst\u00e4ndnis der Welt gef\u00fchrt, sondern zu einer Vielschichtigkeit, die un\u00fcbersehbar scheint.<\/p>\n","protected":false},"author":4,"featured_media":8670,"parent":9152,"menu_order":0,"comment_status":"closed","ping_status":"closed","template":"","meta":{"_acf_changed":false,"footnotes":""},"categories":[576,579],"tags":[580,635,582,431,1049,583,584,585],"class_list":["post-16096","page","type-page","status-publish","has-post-thumbnail","hentry","category-klosterkultur-en","category-spiritualitaet-en","tag-alltag-en","tag-benedikt-en","tag-gottsuche-en","tag-klosterkultur-en","tag-klosterland-en","tag-klosterlandschaft-en","tag-klosterundwelt-en","tag-zentrumfuerklosterkultur-en","dazugehrige-experte-abraham-fischer"],"acf":[],"_links":{"self":[{"href":"https:\/\/klosterland.de\/en\/wp-json\/wp\/v2\/pages\/16096","targetHints":{"allow":["GET"]}}],"collection":[{"href":"https:\/\/klosterland.de\/en\/wp-json\/wp\/v2\/pages"}],"about":[{"href":"https:\/\/klosterland.de\/en\/wp-json\/wp\/v2\/types\/page"}],"author":[{"embeddable":true,"href":"https:\/\/klosterland.de\/en\/wp-json\/wp\/v2\/users\/4"}],"replies":[{"embeddable":true,"href":"https:\/\/klosterland.de\/en\/wp-json\/wp\/v2\/comments?post=16096"}],"version-history":[{"count":3,"href":"https:\/\/klosterland.de\/en\/wp-json\/wp\/v2\/pages\/16096\/revisions"}],"predecessor-version":[{"id":16099,"href":"https:\/\/klosterland.de\/en\/wp-json\/wp\/v2\/pages\/16096\/revisions\/16099"}],"up":[{"embeddable":true,"href":"https:\/\/klosterland.de\/en\/wp-json\/wp\/v2\/pages\/9152"}],"wp:featuredmedia":[{"embeddable":true,"href":"https:\/\/klosterland.de\/en\/wp-json\/wp\/v2\/media\/8670"}],"wp:attachment":[{"href":"https:\/\/klosterland.de\/en\/wp-json\/wp\/v2\/media?parent=16096"}],"wp:term":[{"taxonomy":"category","embeddable":true,"href":"https:\/\/klosterland.de\/en\/wp-json\/wp\/v2\/categories?post=16096"},{"taxonomy":"post_tag","embeddable":true,"href":"https:\/\/klosterland.de\/en\/wp-json\/wp\/v2\/tags?post=16096"}],"curies":[{"name":"wp","href":"https:\/\/api.w.org\/{rel}","templated":true}]}}