{"id":16066,"date":"2020-03-27T21:55:43","date_gmt":"2020-03-27T20:55:43","guid":{"rendered":"https:\/\/klosterland.de\/klostergaerten-gestern-und-heute\/"},"modified":"2026-01-29T11:45:11","modified_gmt":"2026-01-29T10:45:11","slug":"klostergaerten-gestern-und-heute","status":"publish","type":"page","link":"https:\/\/klosterland.de\/en\/klostergaerten-gestern-und-heute\/","title":{"rendered":"Monastery gardens yesterday and today"},"content":{"rendered":"<div class=\"wpb-content-wrapper\"><p>[vc_row][vc_column width=\u201d1\/2\u2033][vc_column_text]Finanziell unterst\u00fctzt durch die <a href=\"https:\/\/www.rentenbank.de\/\" target=\"_blank\" rel=\"noopener noreferrer\">Landwirtschaftliche Rentenbank<\/a> konnte sich die kleine Runde aus Ordensleuten und Klosterverwaltern, Touristikern und Kulturmanagern sowie Historikern, Landschaftsarchitekten und Denkmalpflegern intensiv ihren Fragen rund um das Thema Klosterg\u00e4rten widmen und gemeinsam dar\u00fcber nachdenken, wie ein zeitgem\u00e4\u00dfer Klostergarten aussieht, was ihn ausmacht und welche Funktion er hat.<\/p>\n<p>With its three representative gardens \u2013 the orangery with a herbary, built in 1775, the <em>Saalgarten<\/em> and the baroque abbey garden \u2013 and the extensive renovation project of the abbey garden, <a href=\"https:\/\/www.kloster-bronnbach.de\/\">Bronnbach Abbey<\/a> offered more than just the right atmosphere. Below the vineyard wall, the participants were able to erect and plant a \u2018lawn bench\u2019 according to Albertus Magnus, a co-project with and prepared by the landscape architects responsible for the renovation, Johann Senner, and the monument preservation department. The famous Dominican friar and theologian of the founding period described this bench in the 12th century as follows:[\/vc_column_text][vc_column_text][\/vc_column_text][\/vc_column][vc_column width=\u201d1\/2\u2033][vc_column_text]<\/p>\n<blockquote><p><em><strong>\u00bb The lawn bench is \u2018an elevated piece of lawn, half of which is to appear graceful and full of flowers, whereas the other half is to be arranged as a seat\u2019, all for the \u2018revival of the senses\u2019 and for the \u2018cosy repose\u2019 of people visiting the garden. \u00ab<\/strong><\/em><\/p><\/blockquote>\n<p>From now on, the lawn bench will invite visitors at Bronnbach Abbey to have a rest in the garden at any time and, in the future, it will also be found in other member monasteries.<\/p>\n<p>After the workshop, the participants went on an excursion to <a href=\"http:\/\/oberzell.de\/\">Oberzell Monastery<\/a>, where they were given a guided tour of the herb garden by the <a href=\"http:\/\/www.klostermedizin.de\/\">research group \u2018monastic medicine\u2019<\/a>.[\/vc_column_text][vc_column_text][\/vc_column_text][\/vc_column][\/vc_row][vc_section full_width=\u201dstretch_row\u201d css=\u201d.vc_custom_1584978673907{margin-top: 30px !important;margin-bottom: 30px !important;background-color: #efefef !important;}\u201d][vc_row][vc_column][vc_column_text]<\/p>\n<h2>Our experts:<\/h2>\n<p>[\/vc_column_text][vc_row_inner][vc_column_inner width=\u201d1\/3\u2033]\n\t\t\n        <!-- Card Joker -->\n\t\t        <\/p><div class=\"equal-card-wrap\">\n\t\t\t\t\t\t\t\n\t\n        <div class=\"card card-experten three-cards card-border joker-card three-cards\">\n            <div class=\"post-type-badge experten\">\n                <p>Experten<\/p>\n            <\/div>\n\n            <a class=\"card-experten-thumbnail card-thumbnail\" href=\"https:\/\/klosterland.de\/en\/experten\/martin-erdmann\/\">\n\t\t\t\t                <img decoding=\"async\" src=\"https:\/\/klosterland.de\/wp-content\/uploads\/2021\/03\/Martin-Erdmann-350x350.jpeg\" class=\"card-img-top\" alt=\"Foto eines Experten - Monastery gardens yesterday and today\">\n            <\/a>\n\n            <div class=\"card-body\">\n                <h2 class=\"title-card experten-color\">\n                    <a href=\"https:\/\/klosterland.de\/en\/experten\/martin-erdmann\/\">Martin Erdmann<\/a>\n                <\/h2>\n                <p class=\"card-text subline-p\">\n\t\t\t\t\tExpert on monastery stores, monastic culture, products, spirituality.                <\/p>\n                <p class=\"tag-list\">\n\t\t\t\t\t                            <a href=\"https:\/\/klosterland.de\/tag\/klosterkultur-en\">                            Klosterkultur                         <\/a>\n\t\t\t\t\t\t                            <a href=\"https:\/\/klosterland.de\/tag\/produkte-en\">                            Produkte                         <\/a>\n\t\t\t\t\t\t                            <a href=\"https:\/\/klosterland.de\/tag\/religion-en\">                            Religion                         <\/a>\n\t\t\t\t\t\t                            <a href=\"https:\/\/klosterland.de\/tag\/spiritualitaet-en\">                            Spiritualit\u00e4t                         <\/a>\n\t\t\t\t\t\t                <\/p>\n                <p class=\"small-kloster-name\">\n\t\t\t\t\t\t\t\t\t\t                <\/p>\n            <\/div>\n\n        <\/div>\n\n\t\t\t\t        <\/div>\n\n\t\n\t\t[\/vc_column_inner][vc_column_inner width=\u201d1\/3\u2033]\n\t\t\n        <!-- Card Joker -->\n\t\t        <div class=\"equal-card-wrap\">\n\t\t\t\t\t\t\t\n\t\n        <div class=\"card card-experten three-cards card-border joker-card three-cards\">\n            <div class=\"post-type-badge experten\">\n                <p>Experten<\/p>\n            <\/div>\n\n            <a class=\"card-experten-thumbnail card-thumbnail\" href=\"https:\/\/klosterland.de\/en\/experten\/9023-2\/\">\n\t\t\t\t                <img decoding=\"async\" src=\"https:\/\/klosterland.de\/wp-content\/uploads\/2020\/01\/Lara-Buschmann-350x350.jpg\" class=\"card-img-top\" alt=\"Foto eines Experten - Monastery gardens yesterday and today\">\n            <\/a>\n\n            <div class=\"card-body\">\n                <h2 class=\"title-card experten-color\">\n                    <a href=\"https:\/\/klosterland.de\/en\/experten\/9023-2\/\">Lara Buschmann<\/a>\n                <\/h2>\n                <p class=\"card-text subline-p\">\n\t\t\t\t\tExpert on strategy, networking, change management and organisation developement.                <\/p>\n                <p class=\"tag-list\">\n\t\t\t\t\t                            <a href=\"https:\/\/klosterland.de\/tag\/consulting\">                            Consulting                         <\/a>\n\t\t\t\t\t\t                            <a href=\"https:\/\/klosterland.de\/tag\/cultural-tourism\">                            Cultural Tourism                         <\/a>\n\t\t\t\t\t\t                            <a href=\"https:\/\/klosterland.de\/tag\/netzwerke-en\">                            Netzwerke                         <\/a>\n\t\t\t\t\t\t                            <a href=\"https:\/\/klosterland.de\/tag\/workshops-en\">                            Workshops                         <\/a>\n\t\t\t\t\t\t                <\/p>\n                <p class=\"small-kloster-name\">\n\t\t\t\t\t\t\t\t\t\t                <\/p>\n            <\/div>\n\n        <\/div>\n\n\t\t\t\t        <\/div>\n\n\t\n\t\t[\/vc_column_inner][vc_column_inner width=\u201d1\/3\u2033]\n\t\t\n        <!-- Card Joker -->\n\t\t        <div class=\"equal-card-wrap\">\n\t\t\t\t\t\t\t\n\t\n        <div class=\"card stacked-card-full-height card-kloster card-border joker-card three-cards\">\n            <div class=\"post-type-badge kloster\">\n                <p>Kloster<\/p>\n            <\/div>\n\n\t\t\t                <a class=\"card-klster-thumbnail card-thumbnail\" href=\"https:\/\/klosterland.de\/en\/kloster\/bronnbach\/\">\n\t\t\t\t\t                    <img decoding=\"async\" src=\"https:\/\/klosterland.de\/wp-content\/uploads\/2020\/02\/Tagung-Bronnbach-23.4.16_Buschmann-9-1.jpg\" class=\"card-img-top\" alt=\"Bild eines Klosters - Monastery gardens yesterday and today\">\n                <\/a>\n\t\t\t\n            <div class=\"card-body\">\n                <h3 class=\"title-card kloster-color \">\n                    <a class=\"klster-color\" href=\"https:\/\/klosterland.de\/en\/kloster\/bronnbach\/\">\n\t\t\t\t\t\tBronnbach Cistercian Abbey                    <\/a>\n                <\/h3>\n                <div class=\"card-text subline-p\">\n\t\t\t\t\t                <\/div>\n                <br>\n\t\t\t\t            <\/div>\n\n        <\/div>\n\n\t\t\t\t        <\/div>\n\n\t\n\t\t[\/vc_column_inner][\/vc_row_inner][\/vc_column][\/vc_row][\/vc_section][vc_row][vc_column][vc_gallery type=\u201dimage_grid\u201d images=\u201d4568,4550,4553,4559,4565,4532,4541,4595,4589,4610,4616,4583,4580,4634,4631,4619\u2033][\/vc_column][\/vc_row]\n<\/div>","protected":false},"excerpt":{"rendered":"<p>Workshop und Bau einer Rasenbank nach Albertus Magnus im Kloster Bronnbach<\/p>\n","protected":false},"author":4,"featured_media":4577,"parent":0,"menu_order":0,"comment_status":"closed","ping_status":"closed","template":"","meta":{"_acf_changed":false,"footnotes":""},"categories":[707,1115],"tags":[715,430,431,467,588,434],"class_list":["post-16066","page","type-page","status-publish","has-post-thumbnail","hentry","category-garten-en","category-projekte-en","tag-bronnbach-en","tag-klostergaerten-en","tag-klosterkultur-en","tag-landwirtschaft-en","tag-workshop-en","tag-zisterzienser-en","dazugehrige-experte-lara-buschmann","dazugehrige-experte-martin-erdmann","dazugehrige-experte-matthias-wagner","dazugehrige-experte-stefan-beier"],"acf":[],"_links":{"self":[{"href":"https:\/\/klosterland.de\/en\/wp-json\/wp\/v2\/pages\/16066","targetHints":{"allow":["GET"]}}],"collection":[{"href":"https:\/\/klosterland.de\/en\/wp-json\/wp\/v2\/pages"}],"about":[{"href":"https:\/\/klosterland.de\/en\/wp-json\/wp\/v2\/types\/page"}],"author":[{"embeddable":true,"href":"https:\/\/klosterland.de\/en\/wp-json\/wp\/v2\/users\/4"}],"replies":[{"embeddable":true,"href":"https:\/\/klosterland.de\/en\/wp-json\/wp\/v2\/comments?post=16066"}],"version-history":[{"count":7,"href":"https:\/\/klosterland.de\/en\/wp-json\/wp\/v2\/pages\/16066\/revisions"}],"predecessor-version":[{"id":16074,"href":"https:\/\/klosterland.de\/en\/wp-json\/wp\/v2\/pages\/16066\/revisions\/16074"}],"wp:featuredmedia":[{"embeddable":true,"href":"https:\/\/klosterland.de\/en\/wp-json\/wp\/v2\/media\/4577"}],"wp:attachment":[{"href":"https:\/\/klosterland.de\/en\/wp-json\/wp\/v2\/media?parent=16066"}],"wp:term":[{"taxonomy":"category","embeddable":true,"href":"https:\/\/klosterland.de\/en\/wp-json\/wp\/v2\/categories?post=16066"},{"taxonomy":"post_tag","embeddable":true,"href":"https:\/\/klosterland.de\/en\/wp-json\/wp\/v2\/tags?post=16066"}],"curies":[{"name":"wp","href":"https:\/\/api.w.org\/{rel}","templated":true}]}}