{"id":11730,"date":"2023-02-27T10:25:27","date_gmt":"2023-02-27T09:25:27","guid":{"rendered":"https:\/\/klosterland.de\/?page_id=11730"},"modified":"2023-02-28T09:03:11","modified_gmt":"2023-02-28T08:03:11","slug":"history-of-the-monastery-garden","status":"publish","type":"page","link":"https:\/\/klosterland.de\/en\/klosterkultur\/gardens\/history-of-the-monastery-garden\/","title":{"rendered":"History of the monastery garden"},"content":{"rendered":"<div class=\"wpb-content-wrapper\"><p>[vc_row][vc_column][vc_row_inner][vc_column_inner][vc_column_text]<\/p>\n<h2><strong>Monastery gardens in the Early Middle Ages<br>\n\u2013 from Benedict of Nursia to Walahfrid Strabo<\/strong><\/h2>\n<p>[\/vc_column_text][\/vc_column_inner][\/vc_row_inner][vc_row_inner][vc_column_inner width=\u201d1\/2\u2033][vc_column_text]<\/p>\n<div id=\"attachment_6360\" style=\"width: 205px\" class=\"wp-caption alignleft\"><a href=\"https:\/\/klosterland.de\/wp-content\/uploads\/2020\/04\/Unbenannt.png\"><img loading=\"lazy\" decoding=\"async\" aria-describedby=\"caption-attachment-6360\" class=\"wp-image-6360\" src=\"https:\/\/klosterland.de\/wp-content\/uploads\/2020\/04\/Unbenannt-250x384.png\" alt=\"St. Galler Klosterplan\" width=\"195\" height=\"300\" srcset=\"https:\/\/klosterland.de\/wp-content\/uploads\/2020\/04\/Unbenannt-250x384.png 250w, https:\/\/klosterland.de\/wp-content\/uploads\/2020\/04\/Unbenannt-120x185.png 120w, https:\/\/klosterland.de\/wp-content\/uploads\/2020\/04\/Unbenannt.png 279w\" sizes=\"auto, (max-width: 195px) 100vw, 195px\"><\/a><p id=\"caption-attachment-6360\" class=\"wp-caption-text\">Plan of Saint Gall<\/p><\/div>\n<p>The first trace takes us to the Monastery of Montecassino, where Benedict of Nursia (around 480\u2013547) establishes the Rule of Saint Benedict which eventually becomes a precept for all orders of Western Christianity. The Rule of Saint Benedict (also called <em>Regula Benedicti<\/em>) makes explicit mention of the monastery garden: \u201cThe monastery should, if possible, be so constructed that within it all necessities, such as water, mill and garden are contained [\u2026]\u201d (RB 66,6). Such garden has two functions: It is a place of physical work (<em>labora<\/em>) and, at the same time, a place to practice monastic virtues such as humility and honesty (RB 7,63; 46,1). The monks soon achieve economic autonomy with the help of lay brothers and farm workers. There is no question that the monasteries also cultivate land outside their own premises. \u201cThis is how people outside the monasteries learn about crops, cultivation methods and gardening\u201d (Willerding 1992, 257).<\/p>\n<p>Two documents written in the 9th century, which use the Rule of Saint Benedict as a guide, give an idealised impression of monastery gardens in the Early Middle Ages: These are the Plan of Saint Gall (around 820) and the poem <em>hortulus<\/em> (around 840).[\/vc_column_text][\/vc_column_inner][vc_column_inner width=\u201d1\/2\u2033][vc_column_text]<\/p>\n<p>The Plan of Saint Gall (around 820) is an idealised drawing of an exemplary monastery showing various types of gardens: cloister garden, medicinal herb garden, vegetable garden and fruit garden.\u00a0 The latter also serves as the monastery\u2019s cemetery. With the exception of the cloister garden, the Plan of Saint Gall reveals precise information about the plants to be grown in these gardens (cf. Schedl 2014, 123\u2013124). What is remarkable though, is the mixed cultivation method set out in this precept. The medicinal herb garden, for example, is designed to include sage and fennel along with ornamental plants such as roses, and spices such as rosemary and pepper. The vegetable garden is intended \u2013 according to today\u2019s understanding \u2013 to cultivate vegetables (e.g. onions and shallots) as well as spices (e.g. black cumin) and herbs (e.g. parsley and dill), whereas the orchard is not only used for native trees but also for southern fruit-bearing trees, such as the fig tree.<\/p>\n<p>Particular importance is attached to the poem <em>hortulus<\/em> (around 840) written by Walahfrid Strabo (808\/9-849), abbot of the monastery of Reichenau, which lists 24 medicinal plants in verse form. It is widely accepted that most plant species of the <em>hortulus<\/em> are actually cultivated (cf. Roth 2009, 50). The layout of the plants described in the <em>hortulus<\/em> is considered to be a prototype for today\u2019s herb gardens inspired by the medieval medicinal herb gardens. It is worth noting that there are remarkable similarities with the garden layout of the Plan of Saint Gall. The raised beds that correspond to the medicinal herb garden of the Plan of Saint Gall are shown with a light background in the image on the left. The raised beds in dark grey colours host plants which, according to the Plan, are designated for the vegetable garden, whereas the yellow raised beds contain those plants that only are mentioned in the <em>hortulus<\/em><em>.<\/em>[\/vc_column_text][\/vc_column_inner][\/vc_row_inner][vc_row_inner][vc_column_inner][vc_column_text]<\/p>\n<h2><strong>Monastery gardens in the High Middle Ages<br>\n\u2013 where the knowledge of nature flourished<\/strong><\/h2>\n<p>[\/vc_column_text][\/vc_column_inner][\/vc_row_inner][vc_row_inner][vc_column_inner width=\u201d1\/2\u2033][vc_column_text]<\/p>\n<p>A reliable description of monastery gardens cultivated during the High Middle Ages can be found in the essays on natural history written by the Benedictine abbess Hildegard von Bingen (1098\u20131179). In her work, she focuses on her own and vernacular practices with domestic wild medicinal plants and substantially widens the range of plants that are previously known in monastery gardens (cf. Vogellehner 1984, 81-82). The introduction and further cultivation of fruits and vegetables, however, is mainly driven by the monks and nuns of the Cistercian Order, which is developing after 1098, and their international relations. This has a strong influence on the cultivation of plants in the regional agriculture surrounding the monastery (cf. Roth 1995,43). To make wine or beer, however, the Cistercians need more than just wild plants. For this reason, they also create gardens purely used for growing hop (cf. Roth 2009, 59).\u00a0 Vineyards only exist in regions with suitable climatic conditions. The monks\u2019 wine consumption is already mentioned in the Rule of Saint Benedict (particularly in RB 40). Since wine is of outstanding importance for liturgy and curative medicine, some monasteries that cannot grow wine possess vineyards in distant wine-growing areas (cf. Roth 1995, 49).[\/vc_column_text][\/vc_column_inner][vc_column_inner width=\u201d1\/2\u2033][vc_column_text]<\/p>\n<p>In the High Middle Ages, the importance of non-productive gardens is increasing. A development also represented by the Dominican monk Albertus Magnus (1193-1280) who conceived the concept of a pleasure garden and a kitchen garden (Willerding 1992, 256-258). Albertus Magnus transfers plants such as the rose, which still belongs to the medicinal herb garden in the St. Gall monastery plan, to a grass garden featuring a grassy bench, trees and a fountain. Here, the garden is not only a place of labour, but also of contemplation, prayer and tranquillity. Similar gardens exist until the end of the Late Middle Ages.<\/p>\n<p>An exceptional case in many respects are the gardens of the Carthusians, who live in eremitic seclusion. Their gardens can easily rival those of other orders and, for instance, serve as blueprints for French pomiculture (Roth 1995, 47). In addition, each Carthusian monk is given a garden adjacent to his cell, which can be individually arranged (cf. Roth 1995, 47).<\/p>\n<p>[\/vc_column_text][\/vc_column_inner][\/vc_row_inner][vc_row_inner][vc_column_inner][vc_column_text]<\/p>\n<h2><strong>Monastery gardens of the Baroque<br>\n<\/strong><strong> \u2013 the glory and splendour of stately representation<\/strong><\/h2>\n<p>[\/vc_column_text][\/vc_column_inner][\/vc_row_inner][vc_row_inner][vc_column_inner width=\u201d1\/2\u2033][vc_column_text]<\/p>\n<p>The monastery gardens in the Baroque era give an ornate and splendid impression. Their pomp and splendour does not differ much from that of the sumptuous palace gardens of the 17th and 18th centuries. With their symmetrical layout, the spacious sculpture gardens and park-like landscapes bear witness to the aristocratic character of the monastery premises. Some outstanding monastery gardens become prototypes for important landscaped parks, such as the Sanssouci Park in Potsdam, which is influenced by the Baroque garden of the Kamp Monastery on the Lower Rhine (cf. Roth 1995, 60). But also the cultivation of kitchen gardens continues, especially in order to grow the most exquisite fruit varieties.[\/vc_column_text][\/vc_column_inner][vc_column_inner width=\u201d1\/2\u2033][\/vc_column_inner][\/vc_row_inner][vc_row_inner][vc_column_inner][vc_column_text]<\/p>\n<h2><strong>The monastery garden since the 19th century<br>\n\u2013 preserving tradition and exploring new routes<\/strong><\/h2>\n<p>[\/vc_column_text][\/vc_column_inner][\/vc_row_inner][vc_row_inner][vc_column_inner width=\u201d1\/2\u2033][vc_column_text]<\/p>\n<p>After the social upheavals and the expropriation of the monasteries, new communities begin to emerge in the 19th and 20th centuries, which also maintain the cultural heritage of the monastery gardens. Today, many monasteries are no longer inhabited by monks and fulfil new functions (e.g. parish church, museum, municipal administration). Yet, there are still some monasteries that keep up their horticultural traditions, as for example Michaelstein abbey where the herb garden is maintained until today. And the products originating from such monastery gardens enjoy great popularity as they are commonly considered to be of great value.[\/vc_column_text][\/vc_column_inner][vc_column_inner width=\u201d1\/2\u2033][\/vc_column_inner][\/vc_row_inner][\/vc_column][\/vc_row][vc_row][vc_column][vc_toggle title=\u201dLiteratur\u201d]<\/p>\n<ul>\n<li>Roth, Hermann Josef: Nutzen und Nutzung der Pflanzen. Klosterg\u00e4rten vom Mittelalter bis heute. In: Roth, Hermann Josef \/ Wolschke-Bulmahn, Joachim \/ Hauptmeyer, Carl-Hans \/ Sch\u00f6nermark, Gesa [Hrsg.]: Klosterg\u00e4rten und kl\u00f6sterliche Kulturlandschaften. Historische Aspekte und aktuelle Fragen, M\u00fcnchen 2009, 49\u201375.<\/li>\n<li>Roth, Hermann Josef \/ Richner, Werner: Sch\u00f6ne alte Klosterg\u00e4rten. Geheimnis, Symbolik und Heilwissen f\u00fcr heute neu entdeckt, W\u00fcrzburg 1995.<\/li>\n<li>Schedl, Barbara: Der Plan von St. Gallen. Ein Modell europ\u00e4ischer Klosterkultur, Wien [u.a.] 2014.<\/li>\n<li>Vogellehner, Dieter: Garten und Pflanzen im Mittelalter. In: Franz, G\u00fcnther [Hrsg.]: Geschichte des deutschen Gartenbaues, Stuttgart 1984, 69\u201398 (Deutsche Agrargeschichte, 6).<\/li>\n<li>Willerding, Ulrich: G\u00e4rten und Pflanzen des Mittelalters. In: Carroll-Spillecke, Maureen [Hrsg.]: Der Garten von der Antike bis zum Mittelalter, Mainz 1992, 249\u2013284.<\/li>\n<\/ul>\n<p>[\/vc_toggle][vc_toggle title=\u201dBildquellen\u201d]<\/p>\n<ul>\n<li>Zeichnung St. Galler Klosterplan: Putzger Historischer Weltaltas \u2013 Kartenausgabe. Berlin 2011, 74.<\/li>\n<li>Bild Hortulus: <a href=\"http:\/\/turba-delirantium.skyrocket.de\/hortulus\/walafried.html\">http:\/\/turba-delirantium.skyrocket.de\/hortulus\/walafried.html<\/a><\/li>\n<li>Bild Lustgarten Albertus Magnus: <a href=\"https:\/\/turba-delirantium.skyrocket.de\/hortulus\/mittelalterlicher_garten.htm\">https:\/\/turba-delirantium.skyrocket.de\/hortulus\/mittelalterlicher_garten.htm<\/a><\/li>\n<li>Bild Barockgarten Kamp-Lintfort: <a href=\"https:\/\/www.baukunst-nrw.de\/objekte\/Terrassengarten-Kloster-Kamp--1032.htm\">https:\/\/www.baukunst-nrw.de\/objekte\/Terrassengarten-Kloster-Kamp\u20131032.htm<\/a><\/li>\n<\/ul>\n<p>[\/vc_toggle][\/vc_column][\/vc_row][vc_row][vc_column][vc_row_inner][vc_column_inner][vc_column_text]<\/p>\n<h2>Entdecken Sie die sch\u00f6nsten G\u00e4rten im KLOSTERLAND!<\/h2>\n<p>[\/vc_column_text][\/vc_column_inner][\/vc_row_inner][vc_row_inner][vc_column_inner width=\u201d1\/4\u2033]\n\t\t\n        <!-- Card Joker -->\n\t\t        <\/p><div class=\"equal-card-wrap\">\n\t\t\t\t\t\t\t\n\t\n        <div class=\"card stacked-card-full-height card-kloster card-border joker-card three-cards\">\n            <div class=\"post-type-badge kloster\">\n                <p>Kloster<\/p>\n            <\/div>\n\n\t\t\t                <a class=\"card-klster-thumbnail card-thumbnail\" href=\"https:\/\/klosterland.de\/en\/kloster\/prenzlau\/\">\n\t\t\t\t\t                    <img decoding=\"async\" src=\"https:\/\/klosterland.de\/wp-content\/uploads\/2020\/02\/Dominikanerkloster-Prenzlau-03.jpg\" class=\"card-img-top\" alt=\"Bild eines Klosters - History of the monastery garden\">\n                <\/a>\n\t\t\t\n            <div class=\"card-body\">\n                <h3 class=\"title-card kloster-color \">\n                    <a class=\"klster-color\" href=\"https:\/\/klosterland.de\/en\/kloster\/prenzlau\/\">\n\t\t\t\t\t\tPrenzlau Dominican Abbey                    <\/a>\n                <\/h3>\n                <div class=\"card-text subline-p\">\n\t\t\t\t\t                <\/div>\n                <br>\n\t\t\t\t            <\/div>\n\n        <\/div>\n\n\t\t\t\t        <\/div>\n\n\t\n\t\t[\/vc_column_inner][vc_column_inner width=\u201d1\/4\u2033]\n\t\t\n        <!-- Card Joker -->\n\t\t        <div class=\"equal-card-wrap\">\n\t\t\t\t\t\t\t\n\t\n        <div class=\"card stacked-card-full-height card-kloster card-border joker-card three-cards\">\n            <div class=\"post-type-badge kloster\">\n                <p>Kloster<\/p>\n            <\/div>\n\n\t\t\t                <a class=\"card-klster-thumbnail card-thumbnail\" href=\"https:\/\/klosterland.de\/en\/kloster\/bronnbach\/\">\n\t\t\t\t\t                    <img decoding=\"async\" src=\"https:\/\/klosterland.de\/wp-content\/uploads\/2020\/02\/Tagung-Bronnbach-23.4.16_Buschmann-9-1.jpg\" class=\"card-img-top\" alt=\"Bild eines Klosters - History of the monastery garden\">\n                <\/a>\n\t\t\t\n            <div class=\"card-body\">\n                <h3 class=\"title-card kloster-color \">\n                    <a class=\"klster-color\" href=\"https:\/\/klosterland.de\/en\/kloster\/bronnbach\/\">\n\t\t\t\t\t\tBronnbach Cistercian Abbey                    <\/a>\n                <\/h3>\n                <div class=\"card-text subline-p\">\n\t\t\t\t\t                <\/div>\n                <br>\n\t\t\t\t            <\/div>\n\n        <\/div>\n\n\t\t\t\t        <\/div>\n\n\t\n\t\t[\/vc_column_inner][vc_column_inner width=\u201d1\/4\u2033]\n\t\t\n        <!-- Card Joker -->\n\t\t        <div class=\"equal-card-wrap\">\n\t\t\t\t\t\t\t\n\t\n        <div class=\"card stacked-card-full-height card-kloster card-border joker-card three-cards\">\n            <div class=\"post-type-badge kloster\">\n                <p>Kloster<\/p>\n            <\/div>\n\n\t\t\t                <a class=\"card-klster-thumbnail card-thumbnail\" href=\"https:\/\/klosterland.de\/en\/kloster\/neuzelle\/\">\n\t\t\t\t\t                    <img decoding=\"async\" src=\"https:\/\/klosterland.de\/wp-content\/uploads\/2020\/02\/Neuzelle-Das-ehemalige-Zisterzienserkloster-01.jpg\" class=\"card-img-top\" alt=\"Bild eines Klosters - History of the monastery garden\">\n                <\/a>\n\t\t\t\n            <div class=\"card-body\">\n                <h3 class=\"title-card kloster-color \">\n                    <a class=\"klster-color\" href=\"https:\/\/klosterland.de\/en\/kloster\/neuzelle\/\">\n\t\t\t\t\t\tNeuzelle Cistercian Abbey                    <\/a>\n                <\/h3>\n                <div class=\"card-text subline-p\">\n\t\t\t\t\t                <\/div>\n                <br>\n\t\t\t\t            <\/div>\n\n        <\/div>\n\n\t\t\t\t        <\/div>\n\n\t\n\t\t[\/vc_column_inner][vc_column_inner width=\u201d1\/4\u2033]\n\t\t\n        <!-- Card Joker -->\n\t\t        <div class=\"equal-card-wrap\">\n\t\t\t\t\t\t\t\n\t\n        <div class=\"card stacked-card-full-height card-kloster card-border joker-card three-cards\">\n            <div class=\"post-type-badge kloster\">\n                <p>Kloster<\/p>\n            <\/div>\n\n\t\t\t                <a class=\"card-klster-thumbnail card-thumbnail\" href=\"https:\/\/klosterland.de\/en\/kloster\/michaelstein\/\">\n\t\t\t\t\t                    <img decoding=\"async\" src=\"https:\/\/klosterland.de\/wp-content\/uploads\/2021\/03\/kapitelsaal2-350x350.jpg\" class=\"card-img-top\" alt=\"Bild eines Klosters - History of the monastery garden\">\n                <\/a>\n\t\t\t\n            <div class=\"card-body\">\n                <h3 class=\"title-card kloster-color \">\n                    <a class=\"klster-color\" href=\"https:\/\/klosterland.de\/en\/kloster\/michaelstein\/\">\n\t\t\t\t\t\tMichaelstein Cistercian Abbey                    <\/a>\n                <\/h3>\n                <div class=\"card-text subline-p\">\n\t\t\t\t\t                <\/div>\n                <br>\n\t\t\t\t            <\/div>\n\n        <\/div>\n\n\t\t\t\t        <\/div>\n\n\t\n\t\t[\/vc_column_inner][\/vc_row_inner][\/vc_column][\/vc_row]\n<\/div>","protected":false},"excerpt":{"rendered":"<p>Monastery gardens have changed over the centuries, which makes it difficult to gain a historical perspective on gardens that no longer exist, such as those of the Middle Ages. However, preserved historical documents may provide a glimpse of what monastery gardens of bygone times might have looked like. This is where the search for their traces begins.<\/p>\n","protected":false},"author":4,"featured_media":2848,"parent":9865,"menu_order":0,"comment_status":"closed","ping_status":"closed","template":"","meta":{"_acf_changed":false,"footnotes":""},"categories":[707],"tags":[430,431,583,467],"class_list":["post-11730","page","type-page","status-publish","has-post-thumbnail","hentry","category-garten-en","tag-klostergaerten-en","tag-klosterkultur-en","tag-klosterlandschaft-en","tag-landwirtschaft-en"],"acf":[],"_links":{"self":[{"href":"https:\/\/klosterland.de\/en\/wp-json\/wp\/v2\/pages\/11730","targetHints":{"allow":["GET"]}}],"collection":[{"href":"https:\/\/klosterland.de\/en\/wp-json\/wp\/v2\/pages"}],"about":[{"href":"https:\/\/klosterland.de\/en\/wp-json\/wp\/v2\/types\/page"}],"author":[{"embeddable":true,"href":"https:\/\/klosterland.de\/en\/wp-json\/wp\/v2\/users\/4"}],"replies":[{"embeddable":true,"href":"https:\/\/klosterland.de\/en\/wp-json\/wp\/v2\/comments?post=11730"}],"version-history":[{"count":5,"href":"https:\/\/klosterland.de\/en\/wp-json\/wp\/v2\/pages\/11730\/revisions"}],"predecessor-version":[{"id":11747,"href":"https:\/\/klosterland.de\/en\/wp-json\/wp\/v2\/pages\/11730\/revisions\/11747"}],"up":[{"embeddable":true,"href":"https:\/\/klosterland.de\/en\/wp-json\/wp\/v2\/pages\/9865"}],"wp:featuredmedia":[{"embeddable":true,"href":"https:\/\/klosterland.de\/en\/wp-json\/wp\/v2\/media\/2848"}],"wp:attachment":[{"href":"https:\/\/klosterland.de\/en\/wp-json\/wp\/v2\/media?parent=11730"}],"wp:term":[{"taxonomy":"category","embeddable":true,"href":"https:\/\/klosterland.de\/en\/wp-json\/wp\/v2\/categories?post=11730"},{"taxonomy":"post_tag","embeddable":true,"href":"https:\/\/klosterland.de\/en\/wp-json\/wp\/v2\/tags?post=11730"}],"curies":[{"name":"wp","href":"https:\/\/api.w.org\/{rel}","templated":true}]}}