{"id":10475,"date":"2022-03-21T17:52:15","date_gmt":"2022-03-21T16:52:15","guid":{"rendered":"https:\/\/klosterland.de\/?page_id=10475"},"modified":"2022-03-21T17:52:15","modified_gmt":"2022-03-21T16:52:15","slug":"monastery-gardens-as-working-spaces-and-symbolic-sites-2","status":"publish","type":"page","link":"https:\/\/klosterland.de\/en\/monastery-gardens-as-working-spaces-and-symbolic-sites-2\/","title":{"rendered":"Monastery gardens as working spaces and symbolic sites"},"content":{"rendered":"<div class=\"wpb-content-wrapper\"><p>[vc_row][vc_column][vc_column_text]Gardens are multifarious images. As a popular image, it can be verified since the 19th century at the latest that the activity of the monks is compared to the creation of a garden. Theodor Fontane, the famous wanderer through the March of Brandenburg, wrote about the Cistercian abbey of Lehnin in the Zauche landscape, not far from Brandenburg an der Havel:<\/p>\n<blockquote><p>\u00bbWhat is now a meadow and a garden, 700 years ago was an oak-covered swamp, and it was amidst this swamp that Lehnin Abbey began to grow, possibly in accordance with that monastic law from the first strict period: that Cistercian abbeys should always be built in swamps and lowlands, that is, in unhealthy areas, so that the brothers of this order would keep death in sight at all times.\u00ab [1]<\/p><\/blockquote>\n<p>Flourishing landscapes could and can be easily associated with gardens. When Fontane writes about the Cistercians as creators of gardens and meadows, there is, by the way, also a culturally critical overtone regarding the March of Brandenburg: \u00bbThere were few places where the merits of this order became more evident than in the March, because nowhere else could they find a better area for their activities. Where the uncultured were at home, the bringers of culture had their most natural field.\u00ab [2]<\/p>\n<div id=\"attachment_5853\" style=\"width: 497px\" class=\"wp-caption alignleft\"><a href=\"https:\/\/klosterland.de\/wp-content\/uploads\/2020\/03\/090729-Kra%CC%88utergarten-Westflu%CC%88gel-.jpg\"><img loading=\"lazy\" decoding=\"async\" aria-describedby=\"caption-attachment-5853\" class=\"wp-image-5853\" src=\"https:\/\/klosterland.de\/wp-content\/uploads\/2020\/03\/090729-Kra%CC%88utergarten-Westflu%CC%88gel--250x167.jpg\" alt=\"Kra\u0308utergarten Westflu\u0308gel\" width=\"487\" height=\"325\" srcset=\"https:\/\/klosterland.de\/wp-content\/uploads\/2020\/03\/090729-Kra\u0308utergarten-Westflu\u0308gel--250x167.jpg 250w, https:\/\/klosterland.de\/wp-content\/uploads\/2020\/03\/090729-Kra\u0308utergarten-Westflu\u0308gel--700x467.jpg 700w, https:\/\/klosterland.de\/wp-content\/uploads\/2020\/03\/090729-Kra\u0308utergarten-Westflu\u0308gel--768x512.jpg 768w, https:\/\/klosterland.de\/wp-content\/uploads\/2020\/03\/090729-Kra\u0308utergarten-Westflu\u0308gel--1536x1024.jpg 1536w, https:\/\/klosterland.de\/wp-content\/uploads\/2020\/03\/090729-Kra\u0308utergarten-Westflu\u0308gel--120x80.jpg 120w, https:\/\/klosterland.de\/wp-content\/uploads\/2020\/03\/090729-Kra\u0308utergarten-Westflu\u0308gel-.jpg 1920w\" sizes=\"auto, (max-width: 487px) 100vw, 487px\"><\/a><p id=\"caption-attachment-5853\" class=\"wp-caption-text\">Herb garden at the Archabbey of St. Martin in Beuron (Image: F. Weckenmann)<\/p><\/div>\n<p>Such general reflections force us to be a little more specific about what a garden is. Gardens are recognisable by their enclosure, their fence. Originally, the German word for <em>garden<\/em> (Garten) was probably connected with the <em>Gerte<\/em> (branch), which was used to weave the fence. The fence marked the boundary. It is the fence that turns a piece of land into a garden. Names like the <em>Tiergarten<\/em> (animal garden) tell us that not only plants were supposed to thrive in a garden, but the fence can also enclose animals. Gardens can protect special crops amidst other fields, which names like <em>Weingarten<\/em> (vineyard) or <em>Hopfengarten<\/em> (hop garden) remind us of. In medieval paintings, paradise is depicted as a garden.<\/p>\n<p>In our excursion into the world of monastery gardens, we will first look at the immediate monastery area. These gardens were in a very practical way much more suitable for combining prayer with work in contrast to work in the fields. They were close enough to the monastery church where the community gathered for prayer several times a day. In this spatial proximity, monks and also nuns could fulfil their duty to combine prayer and work in the most meaningful way. How much this strict rationality already applied in the design of the monastery complex reveals itself in the ideal plan of a monastery with its buildings and gardens, which was drawn up on the island of Reichenau in the 9th century. This plan was intended for the abbot of the monastery of St. Gall, which is why in research it is generally referred to as the \u00bbPlan of Saint Gall\u00ab.<\/p>\n<p>This unique plan depicts the monastery\u2019s church, the cloister with dormitory and refectory, and other spaces for the monks. Buildings for baking, cooking and brewing are displayed on it, and a hospital was also conceived. A number of farm buildings as well as buildings for craftsmen are carefully drawn in. On the eastern side of the plan are the gardens: a vegetable garden, a tree garden and a herb garden. It is clearly visible that they are \u00bbenclosed with walls and fences\u00ab. A distinct \u00bbsense of functional relationships\u00ab is inherent in their layout [3]. In the vegetable garden and the herb garden there are rectangular beds, which in the case of the herb garden are somewhat smaller. The latter is assigned to a neighbouring physician\u2019s house, whereas the vegetables are cared for by a special gardener who occupies a house built especially for him next to the garden. His responsibilities include onions, leeks, poppies, radishes, cabbage, garlic and caraway. For medicinal purposes, the herb garden holds, for example, lilies, roses, beans, mint, sage, lovage and fennel. In the tree garden there are groups of woody plants (fig, laurel, apple, plum, pear and others) and most notably graves. 14 burial plots are designated for seven monks each. Symbolic meanings may be assumed for the numbers and plants used.<\/p>\n<p>The French historian Georges Duby (1919-1996) sees in this kind of symbolism a core of the art of the Cistercian Order that developed for more than two hundred years after the creation of the Plan of St. Gall. Here, too, the monastery and the garden come together:<\/p>\n<blockquote><p>\u00bb(\u2026) at the centre of the enclosure, the monastery is the image of paradise recreated. A realm, in which the taming of worldly chaos is completed, where everything cosmic once again is ordered contemplation, a musical chord. The shape of the building already bears witness to this final liberation, the rediscovered plenitude. The building is square like the city of God, and this squaring reminds the meditative mind of the four streams of the Garden of Eden, the four springs that are the four Gospels (\u2026)\u00ab [4]<\/p><\/blockquote>\n<p>It becomes clear that the monastic gardens and the entire monastery complex relate to numbers and forms, which in turn contain manifold references to the world behind the finite earthly things. Even in the areas that on the surface appear to be a kitchen garden for vegetables, herbs or a cemetery, there is contemplation, the devotional reference to another world. A strict distinction between kitchen garden and pleasure garden, as has been coined in recent times, can be misleading in regard to the monastic conditions of the Middle Ages. Even kitchen gardens could be spiritual places in medieval monasteries [5]. This meaning becomes clear in <em>De Cultura Hortorum<\/em>, a didactic poem of extraordinary importance for garden history by the Benedictine monk Walahfrid Strabo (d. 849): \u00bbIn the monastery garden, the monk experiences the place of asceticism and contemplation, his <em>hortus conclusus<\/em> as <em>locus amoenus<\/em>.\u00ab [6]<\/p>\n<p>If we go to areas far outside the monastery complex, admittedly there were also fenced-in areas and thus \u00bbgardens\u00ab for special agricultural crops. Among the most important speciality crops around the monastery were fruit gardens. It is not surprising that in the archaeologically examined monastery of Seehausen near Prenzlau, numerous fruit stones were recovered from archaeological layers of the monastery period. [7] In recent years, research has focused a great deal on former vineyards that were kept notably north of the Rhine-Main region. [8] Hop gardens are also among the speciality crops worth mentioning. This plant was already used for medicinal purposes in ancient times. Since the early Middle Ages, it has been used for seasoning and to increase the keepability of beer. Today, there are preparations of this plant used in the treatment of sleep disorders. [9]<\/p>\n<p>The most interesting field for the general public, however, becomes apparent on the horizon of all the gardens described. The nursing and care of speciality crops \u2013 from fruit trees to medicinal herbs \u2013 made it necessary to pass on the knowledge required for keeping them. Very early evidence of the monastic preoccupation with medicinal herbs is the Lorsch Pharmacopoeia from the last decade of the 8th century. Numerous other writings in the field of monastic medicine followed. [10] The writings of the abbess Hildegard von Bingen (1098\u20131179), based on the ancient and medieval theory of the four humours as well as on a deeply contemplative view of worldly things, today have virtually found their way into popular culture.<\/p>\n<p>In many places, monastic gardens are being reconstructed. They are small herb gardens like the one at the monastery in J\u00fcterbog or baroque gardens like the one in Neuzelle. With their colours or even with the scents of their herbs, they provide interesting points of attraction for an attentive public.[\/vc_column_text][\/vc_column][\/vc_row][vc_row][vc_column][vc_toggle title=\u201dLiteratur\u201d]Biermann, Felix\/Frey, Katrin (Hrsg.) (2014): Das Nonnenkloster von Seehausen in der Uckermark. Neue Forschungen zur untergegangenen Zisterze am Oberuckersee, Ver\u00f6ffentlichungen des Dominikanerklosters Prenzlau 2, Prenzlau.<\/p>\n<p>Duby, Georges (1991): Der heilige Bernhard und die Kunst der Zisterzienser (Original: <em>Saint Bernard, l\u2019art cistercien<\/em>, 1979), Frankfurt am Main.<\/p>\n<p>Fontane, Theodor (1873): Wanderungen durch die Mark Brandenburg. Band 3: Ost-Havelland. Berlin, S. 74.<\/p>\n<p>Fr\u00f6hlich, Roland (2010): Die Zisterzienser und ihre Weinberge in Brandenburg, Studien zur Geschichte, Kunst und Kultur der Zisterzienser 30, Berlin.<\/p>\n<p>Krausch, Heinz-Dieter (2004): Hopfeng\u00e4rten in Brandenburg. In: Sch\u00f6n und n\u00fctzlich. Aus Brandenburgs Kloster-, Schlo\u00df- und K\u00fccheng\u00e4rten. Begleitbuch zur Ausstellung des Hauses der Brandenburgisch-Preu\u00dfischen Geschichte 15. Mai \u2013 15. August 2004. Bearb. von Hingst, Monika\/Raff, Gudrun, Leipzig, S. 46-48.<\/p>\n<p>Uehleke, Bernhard\/Mayer, Johannes Gottfried (2004): \u00bbVon der Klostermedizin zur modernen Phytotherapie\u00ab. In: Sch\u00f6n und n\u00fctzlich. (\u2026), Leipzig, S. 34-45.<\/p>\n<p>Wagner, Fritz (2004): \u00bbKlosterg\u00e4rten im Mittelalter\u00ab. In: Hingst, Monika\/Raff, Gudrun (Bearb.): Sch\u00f6n und n\u00fctzlich. (\u2026), Leipzig, S. 16\u201324.<\/p>\n<p>Wimmer, Clemens Alexander (1989): Geschichte der Gartentheorie, Darmstadt.[\/vc_toggle][\/vc_column][\/vc_row][vc_row][vc_column][vc_toggle title=\u201dQuellen\u201d][1] \u00a0 Fontane 1873: 74.<\/p>\n<p>[2] \u00a0\u00a0\u00a0 Ebd.: 70.<\/p>\n<p>[3] \u00a0\u00a0\u00a0 Vgl. hierzu und zu den folgenden Ausf\u00fchrungen Wimmer 1989: 10-15, hier 12.<\/p>\n<p>[4] \u00a0\u00a0\u00a0 Duby 1991: 128.<\/p>\n<p>[5] \u00a0\u00a0\u00a0 Vgl. hierzu den Beitrag von Thomas Eggensperger in diesem Band.<\/p>\n<p>[6] \u00a0\u00a0\u00a0 Wagner 2004: 19.<\/p>\n<p>[7] \u00a0\u00a0\u00a0 Biermann\/Frey 2014.<\/p>\n<p>[8] \u00a0\u00a0\u00a0 Vgl. f\u00fcr Brandenburg Krausch 2004 sowie Fr\u00f6hlich 2010.<\/p>\n<p>[9] \u00a0\u00a0\u00a0 Krausch 2004: 46ff.<\/p>\n<p>[10] \u00a0 Vgl. Uehleke\/Mayer 2004.[\/vc_toggle][\/vc_column][\/vc_row]<\/p>\n<\/div>","protected":false},"excerpt":{"rendered":"<p>Centuries ago, in a harsh natural environment, monks created fertile fruit, tree and herb gardens in their monastery complexes. The arrangement of individual garden areas and buildings was not determined solely by their functionality. Monastery gardens always also were places of contemplation and by means of numbers and forms referred to a world beyond earthly things.<\/p>\n","protected":false},"author":5,"featured_media":8137,"parent":0,"menu_order":0,"comment_status":"closed","ping_status":"closed","template":"","meta":{"_acf_changed":false,"footnotes":""},"categories":[],"tags":[],"class_list":["post-10475","page","type-page","status-publish","has-post-thumbnail","hentry","dazugehrige-experte-lara-buschmann","dazugehrige-experte-martin-erdmann","dazugehrige-experte-ralf-gebuhr"],"acf":[],"_links":{"self":[{"href":"https:\/\/klosterland.de\/en\/wp-json\/wp\/v2\/pages\/10475","targetHints":{"allow":["GET"]}}],"collection":[{"href":"https:\/\/klosterland.de\/en\/wp-json\/wp\/v2\/pages"}],"about":[{"href":"https:\/\/klosterland.de\/en\/wp-json\/wp\/v2\/types\/page"}],"author":[{"embeddable":true,"href":"https:\/\/klosterland.de\/en\/wp-json\/wp\/v2\/users\/5"}],"replies":[{"embeddable":true,"href":"https:\/\/klosterland.de\/en\/wp-json\/wp\/v2\/comments?post=10475"}],"version-history":[{"count":4,"href":"https:\/\/klosterland.de\/en\/wp-json\/wp\/v2\/pages\/10475\/revisions"}],"predecessor-version":[{"id":10480,"href":"https:\/\/klosterland.de\/en\/wp-json\/wp\/v2\/pages\/10475\/revisions\/10480"}],"wp:featuredmedia":[{"embeddable":true,"href":"https:\/\/klosterland.de\/en\/wp-json\/wp\/v2\/media\/8137"}],"wp:attachment":[{"href":"https:\/\/klosterland.de\/en\/wp-json\/wp\/v2\/media?parent=10475"}],"wp:term":[{"taxonomy":"category","embeddable":true,"href":"https:\/\/klosterland.de\/en\/wp-json\/wp\/v2\/categories?post=10475"},{"taxonomy":"post_tag","embeddable":true,"href":"https:\/\/klosterland.de\/en\/wp-json\/wp\/v2\/tags?post=10475"}],"curies":[{"name":"wp","href":"https:\/\/api.w.org\/{rel}","templated":true}]}}